{"id":17612,"date":"2022-12-29T12:41:37","date_gmt":"2022-12-29T11:41:37","guid":{"rendered":"https:\/\/elarfero.be\/costa-calida\/"},"modified":"2025-10-29T19:18:25","modified_gmt":"2025-10-29T18:18:25","slug":"costa-calida","status":"publish","type":"page","link":"https:\/\/elarfero.be\/de\/regionen\/costa-calida\/","title":{"rendered":"Costa Calida"},"content":{"rendered":"\t\t<div data-elementor-type=\"wp-page\" data-elementor-id=\"17612\" class=\"elementor elementor-17612 elementor-1976\" data-elementor-post-type=\"page\">\n\t\t\t\t\t\t<section class=\"elementor-section elementor-top-section elementor-element elementor-element-ca1c938 elementor-section-height-min-height elementor-section-boxed elementor-section-height-default elementor-section-items-middle\" data-id=\"ca1c938\" data-element_type=\"section\" data-e-type=\"section\" data-settings=\"{&quot;jet_parallax_layout_list&quot;:[],&quot;background_background&quot;:&quot;classic&quot;}\">\n\t\t\t\t\t\t\t<div class=\"elementor-background-overlay\"><\/div>\n\t\t\t\t\t\t\t<div class=\"elementor-container elementor-column-gap-default\">\n\t\t\t\t\t<div class=\"elementor-column elementor-col-100 elementor-top-column elementor-element elementor-element-aabb1c3\" data-id=\"aabb1c3\" data-element_type=\"column\" data-e-type=\"column\">\n\t\t\t<div class=\"elementor-widget-wrap\">\n\t\t\t\t\t\t\t<\/div>\n\t\t<\/div>\n\t\t\t\t\t<\/div>\n\t\t<\/section>\n\t\t\t\t<section class=\"elementor-section elementor-top-section elementor-element elementor-element-979746d elementor-section-boxed elementor-section-height-default elementor-section-height-default\" data-id=\"979746d\" data-element_type=\"section\" data-e-type=\"section\" data-settings=\"{&quot;jet_parallax_layout_list&quot;:[]}\">\n\t\t\t\t\t\t<div class=\"elementor-container elementor-column-gap-default\">\n\t\t\t\t\t<div class=\"elementor-column elementor-col-100 elementor-top-column elementor-element elementor-element-b74e6ae\" data-id=\"b74e6ae\" data-element_type=\"column\" data-e-type=\"column\" data-settings=\"{&quot;background_background&quot;:&quot;classic&quot;}\">\n\t\t\t<div class=\"elementor-widget-wrap elementor-element-populated\">\n\t\t\t\t\t\t<div class=\"elementor-element elementor-element-dc6107f prue elementor-widget elementor-widget-heading\" data-id=\"dc6107f\" data-element_type=\"widget\" data-e-type=\"widget\" data-widget_type=\"heading.default\">\n\t\t\t\t<div class=\"elementor-widget-container\">\n\t\t\t\t\t<h2 class=\"elementor-heading-title elementor-size-default\"> Entdecken Sie das sch\u00f6ne Spanien<\/h2>\t\t\t\t<\/div>\n\t\t\t\t<\/div>\n\t\t\t\t<div class=\"elementor-element elementor-element-5ddf746 prue elementor-widget elementor-widget-heading\" data-id=\"5ddf746\" data-element_type=\"widget\" data-e-type=\"widget\" data-widget_type=\"heading.default\">\n\t\t\t\t<div class=\"elementor-widget-container\">\n\t\t\t\t\t<h1 class=\"elementor-heading-title elementor-size-default\">Costa Calida<\/h1>\t\t\t\t<\/div>\n\t\t\t\t<\/div>\n\t\t\t\t<div class=\"elementor-element elementor-element-12af79b elementor-widget__width-auto elementor-widget elementor-widget-shortcode\" data-id=\"12af79b\" data-element_type=\"widget\" data-e-type=\"widget\" data-widget_type=\"shortcode.default\">\n\t\t\t\t<div class=\"elementor-widget-container\">\n\t\t\t\t\t\t\t<div class=\"elementor-shortcode\"><nav aria-label=\"breadcrumbs\" class=\"rank-math-breadcrumb\"><p><span class=\"last\">Home<\/span><\/p><\/nav><\/div>\n\t\t\t\t\t\t<\/div>\n\t\t\t\t<\/div>\n\t\t\t\t\t<\/div>\n\t\t<\/div>\n\t\t\t\t\t<\/div>\n\t\t<\/section>\n\t\t\t\t<section class=\"elementor-section elementor-top-section elementor-element elementor-element-f824f1f elementor-section-boxed elementor-section-height-default elementor-section-height-default\" data-id=\"f824f1f\" data-element_type=\"section\" data-e-type=\"section\" data-settings=\"{&quot;jet_parallax_layout_list&quot;:[],&quot;background_background&quot;:&quot;classic&quot;}\">\n\t\t\t\t\t\t<div class=\"elementor-container elementor-column-gap-default\">\n\t\t\t\t\t<div class=\"elementor-column elementor-col-50 elementor-top-column elementor-element elementor-element-67f74d8\" data-id=\"67f74d8\" data-element_type=\"column\" data-e-type=\"column\">\n\t\t\t<div class=\"elementor-widget-wrap elementor-element-populated\">\n\t\t\t\t\t\t<div class=\"elementor-element elementor-element-905f101 elementor-widget elementor-widget-text-editor\" data-id=\"905f101\" data-element_type=\"widget\" data-e-type=\"widget\" data-widget_type=\"text-editor.default\">\n\t\t\t\t<div class=\"elementor-widget-container\">\n\t\t\t\t\t\t\t\t\t<p><span style=\"font-weight: 400;\">Die Costa C\u00e1lida erstreckt sich vom Weiler El Moj\u00f3n im Norden, an der Grenze zur Provinz Alicante, bis zur Gemeinde \u00c1guilas im S\u00fcden, die an die Provinz Almer\u00eda grenzt. <\/span><\/p><p><span style=\"font-weight: 400;\">Die K\u00fcste zeichnet sich durch eine Abfolge von Klippen, Buchten, Sandstr\u00e4nden und gesch\u00fctzten Buchten aus. Im Allgemeinen handelt es sich um eine karge und raue K\u00fcstenlinie. Der nat\u00fcrliche Reichtum der Gew\u00e4sser ist in Cabo de Palos bemerkenswert, wo sich ein wichtiges Naturschutzgebiet befindet. Es gibt auch mehrere Naturschutzgebiete wie die Salinen und Sandd\u00fcnen von San Pedro del Pinatar, Calblanque, Monte de las Cenizas und Pe\u00f1a del \u00c1guila, Sierra de la Muela, Cabo Ti\u00f1oso und Rold\u00e1n, den Regionalpark Cabo Cope und Puntas de Calnegre sowie das Naturschutzgebiet Cuatro Calas.    <\/span><\/p><p><span style=\"font-weight: 400;\">Das n\u00f6rdliche Ende von dieser K\u00fcste umfasst die Mar Menor, eine Salzwasserlagune, die mit etwa 170 km\u00b2 die gr\u00f6\u00dfte Europas ist. Die Mar Menor wird vom Mittelmeer durch einen 22 km langen Streifen Sand, La Manga getrennt. a23&gt; 22 km langen Streifen Sand, La Manga genannt, wo es gr\u00f6\u00dfte Teil der touristischen Entwicklung der Region ist gebaut wurde. Cartagena und Aguilas sind die beiden gr\u00f6\u00dften und a43&gt; wichtigsten K\u00fcstenorte in der Region. Einige bekannte (Bade-)Orte an der Costa Calida sind: San Pedro del Pinatar, Los Alc\u00e1zares, Cartagena, Mazarr\u00f3n und \u00c1guilas.   <\/span><\/p><p><b>EL ARFERO verf\u00fcgt \u00fcber ein umfangreiches Portfolio an Immobilien an der Costa Calida.<\/b><\/p>\t\t\t\t\t\t\t\t<\/div>\n\t\t\t\t<\/div>\n\t\t\t\t\t<\/div>\n\t\t<\/div>\n\t\t\t\t<div class=\"elementor-column elementor-col-50 elementor-top-column elementor-element elementor-element-e9450e3\" data-id=\"e9450e3\" data-element_type=\"column\" data-e-type=\"column\">\n\t\t\t<div class=\"elementor-widget-wrap elementor-element-populated\">\n\t\t\t\t\t\t<div class=\"elementor-element elementor-element-8775edf elementor-widget elementor-widget-image\" data-id=\"8775edf\" data-element_type=\"widget\" data-e-type=\"widget\" data-widget_type=\"image.default\">\n\t\t\t\t<div class=\"elementor-widget-container\">\n\t\t\t\t\t\t\t\t\t\t\t\t\t\t\t<img fetchpriority=\"high\" decoding=\"async\" width=\"400\" height=\"600\" src=\"https:\/\/elarfero.be\/wp-content\/uploads\/2023\/01\/jamon_usa_001.png\" class=\"attachment-large size-large wp-image-4147\" alt=\"\" srcset=\"https:\/\/elarfero.be\/wp-content\/uploads\/2023\/01\/jamon_usa_001.png 400w, https:\/\/elarfero.be\/wp-content\/uploads\/2023\/01\/jamon_usa_001-200x300.png 200w\" sizes=\"(max-width: 400px) 100vw, 400px\" title=\"\">\t\t\t\t\t\t\t\t\t\t\t\t\t\t\t<\/div>\n\t\t\t\t<\/div>\n\t\t\t\t\t<\/div>\n\t\t<\/div>\n\t\t\t\t\t<\/div>\n\t\t<\/section>\n\t\t\t\t<section class=\"elementor-section elementor-top-section elementor-element elementor-element-12481a2 elementor-section-boxed elementor-section-height-default elementor-section-height-default\" data-id=\"12481a2\" data-element_type=\"section\" data-e-type=\"section\" data-settings=\"{&quot;jet_parallax_layout_list&quot;:[],&quot;background_background&quot;:&quot;classic&quot;}\">\n\t\t\t\t\t\t<div class=\"elementor-container elementor-column-gap-default\">\n\t\t\t\t\t<div class=\"elementor-column elementor-col-100 elementor-top-column elementor-element elementor-element-5004134\" data-id=\"5004134\" data-element_type=\"column\" data-e-type=\"column\">\n\t\t\t<div class=\"elementor-widget-wrap\">\n\t\t\t\t\t\t\t<\/div>\n\t\t<\/div>\n\t\t\t\t\t<\/div>\n\t\t<\/section>\n\t\t\t\t<\/div>\n\t\t","protected":false},"excerpt":{"rendered":"<p>Entdecken Sie das sch\u00f6ne Spanien Costa Calida Die Costa C\u00e1lida erstreckt sich vom Weiler El Moj\u00f3n im Norden, an der Grenze zur Provinz Alicante, bis zur Gemeinde \u00c1guilas im S\u00fcden, die an die Provinz Almer\u00eda grenzt. Die K\u00fcste zeichnet sich durch eine Abfolge von Klippen, Buchten, Sandstr\u00e4nden und gesch\u00fctzten Buchten aus. Im Allgemeinen handelt es [&hellip;]<\/p>\n","protected":false},"author":2,"featured_media":0,"parent":17660,"menu_order":0,"comment_status":"closed","ping_status":"closed","template":"elementor_header_footer","meta":{"_acf_changed":false,"footnotes":""},"class_list":["post-17612","page","type-page","status-publish","hentry"],"acf":[],"_links":{"self":[{"href":"https:\/\/elarfero.be\/de\/wp-json\/wp\/v2\/pages\/17612","targetHints":{"allow":["GET"]}}],"collection":[{"href":"https:\/\/elarfero.be\/de\/wp-json\/wp\/v2\/pages"}],"about":[{"href":"https:\/\/elarfero.be\/de\/wp-json\/wp\/v2\/types\/page"}],"author":[{"embeddable":true,"href":"https:\/\/elarfero.be\/de\/wp-json\/wp\/v2\/users\/2"}],"replies":[{"embeddable":true,"href":"https:\/\/elarfero.be\/de\/wp-json\/wp\/v2\/comments?post=17612"}],"version-history":[{"count":1,"href":"https:\/\/elarfero.be\/de\/wp-json\/wp\/v2\/pages\/17612\/revisions"}],"predecessor-version":[{"id":17613,"href":"https:\/\/elarfero.be\/de\/wp-json\/wp\/v2\/pages\/17612\/revisions\/17613"}],"up":[{"embeddable":true,"href":"https:\/\/elarfero.be\/de\/wp-json\/wp\/v2\/pages\/17660"}],"wp:attachment":[{"href":"https:\/\/elarfero.be\/de\/wp-json\/wp\/v2\/media?parent=17612"}],"curies":[{"name":"wp","href":"https:\/\/api.w.org\/{rel}","templated":true}]}}