{"id":17614,"date":"2022-12-29T12:39:07","date_gmt":"2022-12-29T11:39:07","guid":{"rendered":"https:\/\/elarfero.be\/costa-blanca-nord\/"},"modified":"2025-10-29T19:18:24","modified_gmt":"2025-10-29T18:18:24","slug":"costa-blanca-nord","status":"publish","type":"page","link":"https:\/\/elarfero.be\/de\/regionen\/costa-blanca-nord\/","title":{"rendered":"Costa Blanca Nord"},"content":{"rendered":"\t\t<div data-elementor-type=\"wp-page\" data-elementor-id=\"17614\" class=\"elementor elementor-17614 elementor-1970\" data-elementor-post-type=\"page\">\n\t\t\t\t\t\t<section class=\"elementor-section elementor-top-section elementor-element elementor-element-a8dd0ec elementor-section-height-min-height elementor-section-boxed elementor-section-height-default elementor-section-items-middle\" data-id=\"a8dd0ec\" data-element_type=\"section\" data-settings=\"{&quot;jet_parallax_layout_list&quot;:[],&quot;background_background&quot;:&quot;classic&quot;}\">\n\t\t\t\t\t\t\t<div class=\"elementor-background-overlay\"><\/div>\n\t\t\t\t\t\t\t<div class=\"elementor-container elementor-column-gap-default\">\n\t\t\t\t\t<div class=\"elementor-column elementor-col-100 elementor-top-column elementor-element elementor-element-49890fa\" data-id=\"49890fa\" data-element_type=\"column\">\n\t\t\t<div class=\"elementor-widget-wrap\">\n\t\t\t\t\t\t\t<\/div>\n\t\t<\/div>\n\t\t\t\t\t<\/div>\n\t\t<\/section>\n\t\t\t\t<section class=\"elementor-section elementor-top-section elementor-element elementor-element-b02243f elementor-section-boxed elementor-section-height-default elementor-section-height-default\" data-id=\"b02243f\" data-element_type=\"section\" data-settings=\"{&quot;jet_parallax_layout_list&quot;:[]}\">\n\t\t\t\t\t\t<div class=\"elementor-container elementor-column-gap-default\">\n\t\t\t\t\t<div class=\"elementor-column elementor-col-100 elementor-top-column elementor-element elementor-element-170b814\" data-id=\"170b814\" data-element_type=\"column\" data-settings=\"{&quot;background_background&quot;:&quot;classic&quot;}\">\n\t\t\t<div class=\"elementor-widget-wrap elementor-element-populated\">\n\t\t\t\t\t\t<div class=\"elementor-element elementor-element-af89981 prue elementor-widget elementor-widget-heading\" data-id=\"af89981\" data-element_type=\"widget\" data-widget_type=\"heading.default\">\n\t\t\t\t<div class=\"elementor-widget-container\">\n\t\t\t\t\t<h2 class=\"elementor-heading-title elementor-size-default\"> Entdecken Sie das sch\u00f6ne Spanien<\/h2>\t\t\t\t<\/div>\n\t\t\t\t<\/div>\n\t\t\t\t<div class=\"elementor-element elementor-element-26f7db3 prue elementor-widget elementor-widget-heading\" data-id=\"26f7db3\" data-element_type=\"widget\" data-widget_type=\"heading.default\">\n\t\t\t\t<div class=\"elementor-widget-container\">\n\t\t\t\t\t<h1 class=\"elementor-heading-title elementor-size-default\">Costa Blanca Noord<\/h1>\t\t\t\t<\/div>\n\t\t\t\t<\/div>\n\t\t\t\t<div class=\"elementor-element elementor-element-570e9fe elementor-widget__width-auto elementor-widget elementor-widget-shortcode\" data-id=\"570e9fe\" data-element_type=\"widget\" data-widget_type=\"shortcode.default\">\n\t\t\t\t<div class=\"elementor-widget-container\">\n\t\t\t\t\t\t\t<div class=\"elementor-shortcode\"><nav aria-label=\"breadcrumbs\" class=\"rank-math-breadcrumb\"><p><span class=\"last\">Home<\/span><\/p><\/nav><\/div>\n\t\t\t\t\t\t<\/div>\n\t\t\t\t<\/div>\n\t\t\t\t\t<\/div>\n\t\t<\/div>\n\t\t\t\t\t<\/div>\n\t\t<\/section>\n\t\t\t\t<section class=\"elementor-section elementor-top-section elementor-element elementor-element-7fd2eaa elementor-section-boxed elementor-section-height-default elementor-section-height-default\" data-id=\"7fd2eaa\" data-element_type=\"section\" data-settings=\"{&quot;jet_parallax_layout_list&quot;:[],&quot;background_background&quot;:&quot;classic&quot;}\">\n\t\t\t\t\t\t<div class=\"elementor-container elementor-column-gap-wider\">\n\t\t\t\t\t<div class=\"elementor-column elementor-col-50 elementor-top-column elementor-element elementor-element-1d53fad\" data-id=\"1d53fad\" data-element_type=\"column\">\n\t\t\t<div class=\"elementor-widget-wrap elementor-element-populated\">\n\t\t\t\t\t\t<div class=\"elementor-element elementor-element-f5281f2 elementor-widget elementor-widget-text-editor\" data-id=\"f5281f2\" data-element_type=\"widget\" data-widget_type=\"text-editor.default\">\n\t\t\t\t<div class=\"elementor-widget-container\">\n\t\t\t\t\t\t\t\t\t<p><span style=\"font-weight: 400;\">Von Denia bis Alicante k\u00f6nnen Sie eine malerische Landschaft aus Bergen und T\u00e4lern genie\u00dfen, die einen atemberaubenden Blick auf die K\u00fcste bieten. <\/span><\/p><p><span style=\"font-weight: 400;\">Die Costa Blanca Nord ist aufgrund ihres herrlichen Wetters, ihrer fantastischen Buchten und Berge ein beliebter Teil Spaniens. Die Costa Blanca Nord gilt laut der Weltgesundheitsorganisation auch als einer der ges\u00fcndesten Orte der Welt zum Leben. Dies ist einer der Gr\u00fcnde, warum sie f\u00fcr Besitzer von Zweitwohnungen aus ganz Europa so attraktiv ist. Briten, Niederl\u00e4nder und Deutsche haben eine langj\u00e4hrige Liebesbeziehung zu dieser Region, die sich von Denia im Norden bis Alicante im S\u00fcden erstreckt.    <\/span><\/p><p><span style=\"font-weight: 400;\">In den letzten Jahren haben immer mehr Nationalit\u00e4ten diese Region f\u00fcr sich entdeckt. Es ist auch ein gro\u00dfartiges Reiseziel mit zahlreichen bezaubernden traditionellen Fischerd\u00f6rfern und Naturgebieten. Eine einzigartige Region voller Charakter mit wundersch\u00f6nen Landschaften aus Orangen- und Mandelb\u00e4umen, sch\u00f6nen Str\u00e4nden und beeindruckenden Klippen.   <\/span><\/p><p><span style=\"font-weight: 400;\">Charmante Orte wie Benidorm, Finestrat, Calpe, Altea, Denia und viele mehr bieten eine perfekte Kombination aus Meer und Bergen, ideal f\u00fcr einen angenehmen Urlaub. Der Teil oberhalb von Alicante mit Benidorm an der Spitze bietet viele Freizeit-, Sport- und Wassersportaktivit\u00e4ten, eine Vielzahl von Vereinen und Clubs, denen man beitreten kann, eine Vielzahl traditioneller M\u00e4rkte und auch ein pulsierendes Nachtleben. Einige bekannte (Bade-)Orte an der Costa Blanca Nord sind: Benidorm, Altea, Calpe und El Campello.  <\/span><\/p><p><strong>EL ARFERO verf\u00fcgt \u00fcber ein umfangreiches Portfolio an Immobilien an der Costa Blanca Nord.<\/strong><\/p>\t\t\t\t\t\t\t\t<\/div>\n\t\t\t\t<\/div>\n\t\t\t\t\t<\/div>\n\t\t<\/div>\n\t\t\t\t<div class=\"elementor-column elementor-col-50 elementor-top-column elementor-element elementor-element-f3c6f43\" data-id=\"f3c6f43\" data-element_type=\"column\">\n\t\t\t<div class=\"elementor-widget-wrap elementor-element-populated\">\n\t\t\t\t\t\t<div class=\"elementor-element elementor-element-f0a9b9e elementor-widget elementor-widget-image\" data-id=\"f0a9b9e\" data-element_type=\"widget\" data-widget_type=\"image.default\">\n\t\t\t\t<div class=\"elementor-widget-container\">\n\t\t\t\t\t\t\t\t\t\t\t\t\t\t\t<img fetchpriority=\"high\" decoding=\"async\" width=\"1920\" height=\"2560\" src=\"https:\/\/elarfero.be\/wp-content\/uploads\/2023\/01\/pexels-stefanie-baeskau-10750986-scaled.jpg\" class=\"attachment-full size-full wp-image-4096\" alt=\"\" srcset=\"https:\/\/elarfero.be\/wp-content\/uploads\/2023\/01\/pexels-stefanie-baeskau-10750986-scaled.jpg 1920w, https:\/\/elarfero.be\/wp-content\/uploads\/2023\/01\/pexels-stefanie-baeskau-10750986-225x300.jpg 225w, https:\/\/elarfero.be\/wp-content\/uploads\/2023\/01\/pexels-stefanie-baeskau-10750986-768x1024.jpg 768w, https:\/\/elarfero.be\/wp-content\/uploads\/2023\/01\/pexels-stefanie-baeskau-10750986-1152x1536.jpg 1152w, https:\/\/elarfero.be\/wp-content\/uploads\/2023\/01\/pexels-stefanie-baeskau-10750986-1536x2048.jpg 1536w\" sizes=\"(max-width: 1920px) 100vw, 1920px\" title=\"\">\t\t\t\t\t\t\t\t\t\t\t\t\t\t\t<\/div>\n\t\t\t\t<\/div>\n\t\t\t\t\t<\/div>\n\t\t<\/div>\n\t\t\t\t\t<\/div>\n\t\t<\/section>\n\t\t\t\t<section class=\"elementor-section elementor-top-section elementor-element elementor-element-1e4b5cd elementor-section-boxed elementor-section-height-default elementor-section-height-default\" data-id=\"1e4b5cd\" data-element_type=\"section\" data-settings=\"{&quot;jet_parallax_layout_list&quot;:[],&quot;background_background&quot;:&quot;classic&quot;}\">\n\t\t\t\t\t\t<div class=\"elementor-container elementor-column-gap-default\">\n\t\t\t\t\t<div class=\"elementor-column elementor-col-100 elementor-top-column elementor-element elementor-element-ac42f86\" data-id=\"ac42f86\" data-element_type=\"column\">\n\t\t\t<div class=\"elementor-widget-wrap\">\n\t\t\t\t\t\t\t<\/div>\n\t\t<\/div>\n\t\t\t\t\t<\/div>\n\t\t<\/section>\n\t\t\t\t<\/div>\n\t\t","protected":false},"excerpt":{"rendered":"<p>Entdecken Sie das sch\u00f6ne Spanien Costa Blanca Noord Von Denia bis Alicante k\u00f6nnen Sie eine malerische Landschaft aus Bergen und T\u00e4lern genie\u00dfen, die einen atemberaubenden Blick auf die K\u00fcste bieten. Die Costa Blanca Nord ist aufgrund ihres herrlichen Wetters, ihrer fantastischen Buchten und Berge ein beliebter Teil Spaniens. Die Costa Blanca Nord gilt laut der [&hellip;]<\/p>\n","protected":false},"author":2,"featured_media":0,"parent":17660,"menu_order":0,"comment_status":"closed","ping_status":"closed","template":"elementor_header_footer","meta":{"_acf_changed":false,"footnotes":""},"class_list":["post-17614","page","type-page","status-publish","hentry"],"acf":[],"_links":{"self":[{"href":"https:\/\/elarfero.be\/de\/wp-json\/wp\/v2\/pages\/17614","targetHints":{"allow":["GET"]}}],"collection":[{"href":"https:\/\/elarfero.be\/de\/wp-json\/wp\/v2\/pages"}],"about":[{"href":"https:\/\/elarfero.be\/de\/wp-json\/wp\/v2\/types\/page"}],"author":[{"embeddable":true,"href":"https:\/\/elarfero.be\/de\/wp-json\/wp\/v2\/users\/2"}],"replies":[{"embeddable":true,"href":"https:\/\/elarfero.be\/de\/wp-json\/wp\/v2\/comments?post=17614"}],"version-history":[{"count":1,"href":"https:\/\/elarfero.be\/de\/wp-json\/wp\/v2\/pages\/17614\/revisions"}],"predecessor-version":[{"id":17615,"href":"https:\/\/elarfero.be\/de\/wp-json\/wp\/v2\/pages\/17614\/revisions\/17615"}],"up":[{"embeddable":true,"href":"https:\/\/elarfero.be\/de\/wp-json\/wp\/v2\/pages\/17660"}],"wp:attachment":[{"href":"https:\/\/elarfero.be\/de\/wp-json\/wp\/v2\/media?parent=17614"}],"curies":[{"name":"wp","href":"https:\/\/api.w.org\/{rel}","templated":true}]}}