{"id":17628,"date":"2022-12-15T16:13:00","date_gmt":"2022-12-15T15:13:00","guid":{"rendered":"https:\/\/elarfero.be\/ueber-uns\/"},"modified":"2025-10-28T14:15:12","modified_gmt":"2025-10-28T13:15:12","slug":"ueber-uns","status":"publish","type":"page","link":"https:\/\/elarfero.be\/de\/ueber-uns\/","title":{"rendered":"\u00dcber uns"},"content":{"rendered":"\t\t<div data-elementor-type=\"wp-page\" data-elementor-id=\"17628\" class=\"elementor elementor-17628 elementor-478\" data-elementor-post-type=\"page\">\n\t\t\t\t\t\t<section class=\"elementor-section elementor-top-section elementor-element elementor-element-9ec0f10 elementor-section-height-min-height elementor-section-boxed elementor-section-height-default elementor-section-items-middle\" data-id=\"9ec0f10\" data-element_type=\"section\" data-settings=\"{&quot;jet_parallax_layout_list&quot;:[],&quot;background_background&quot;:&quot;classic&quot;}\">\n\t\t\t\t\t\t\t<div class=\"elementor-background-overlay\"><\/div>\n\t\t\t\t\t\t\t<div class=\"elementor-container elementor-column-gap-default\">\n\t\t\t\t\t<div class=\"elementor-column elementor-col-100 elementor-top-column elementor-element elementor-element-9fe089d\" data-id=\"9fe089d\" data-element_type=\"column\">\n\t\t\t<div class=\"elementor-widget-wrap\">\n\t\t\t\t\t\t\t<\/div>\n\t\t<\/div>\n\t\t\t\t\t<\/div>\n\t\t<\/section>\n\t\t\t\t<section class=\"elementor-section elementor-top-section elementor-element elementor-element-b10e6e0 elementor-section-boxed elementor-section-height-default elementor-section-height-default\" data-id=\"b10e6e0\" data-element_type=\"section\" data-settings=\"{&quot;jet_parallax_layout_list&quot;:[]}\">\n\t\t\t\t\t\t<div class=\"elementor-container elementor-column-gap-default\">\n\t\t\t\t\t<div class=\"elementor-column elementor-col-100 elementor-top-column elementor-element elementor-element-9613f61\" data-id=\"9613f61\" data-element_type=\"column\" data-settings=\"{&quot;background_background&quot;:&quot;classic&quot;}\">\n\t\t\t<div class=\"elementor-widget-wrap elementor-element-populated\">\n\t\t\t\t\t\t<div class=\"elementor-element elementor-element-c106b3c prue elementor-widget elementor-widget-heading\" data-id=\"c106b3c\" data-element_type=\"widget\" data-widget_type=\"heading.default\">\n\t\t\t\t<div class=\"elementor-widget-container\">\n\t\t\t\t\t<h1 class=\"elementor-heading-title elementor-size-default\">\u00dcber uns<\/h1>\t\t\t\t<\/div>\n\t\t\t\t<\/div>\n\t\t\t\t<div class=\"elementor-element elementor-element-0ff1b6b prue elementor-widget elementor-widget-heading\" data-id=\"0ff1b6b\" data-element_type=\"widget\" data-widget_type=\"heading.default\">\n\t\t\t\t<div class=\"elementor-widget-container\">\n\t\t\t\t\t<h2 class=\"elementor-heading-title elementor-size-default\">EL Arfero, Ihr Immobilien Spezialist an den K\u00fcsten<\/h2>\t\t\t\t<\/div>\n\t\t\t\t<\/div>\n\t\t\t\t<div class=\"elementor-element elementor-element-9573a4a elementor-widget__width-auto elementor-widget elementor-widget-shortcode\" data-id=\"9573a4a\" data-element_type=\"widget\" data-widget_type=\"shortcode.default\">\n\t\t\t\t<div class=\"elementor-widget-container\">\n\t\t\t\t\t\t\t<div class=\"elementor-shortcode\"><nav aria-label=\"breadcrumbs\" class=\"rank-math-breadcrumb\"><p><span class=\"last\">Home<\/span><\/p><\/nav><\/div>\n\t\t\t\t\t\t<\/div>\n\t\t\t\t<\/div>\n\t\t\t\t\t<\/div>\n\t\t<\/div>\n\t\t\t\t\t<\/div>\n\t\t<\/section>\n\t\t\t\t<section class=\"elementor-section elementor-top-section elementor-element elementor-element-4374751 elementor-section-boxed elementor-section-height-default elementor-section-height-default\" data-id=\"4374751\" data-element_type=\"section\" data-settings=\"{&quot;jet_parallax_layout_list&quot;:[]}\">\n\t\t\t\t\t\t<div class=\"elementor-container elementor-column-gap-default\">\n\t\t\t\t\t<div class=\"elementor-column elementor-col-100 elementor-top-column elementor-element elementor-element-1a4bdaa\" data-id=\"1a4bdaa\" data-element_type=\"column\">\n\t\t\t<div class=\"elementor-widget-wrap elementor-element-populated\">\n\t\t\t\t\t\t<div class=\"elementor-element elementor-element-727bb50 elementor-widget elementor-widget-text-editor\" data-id=\"727bb50\" data-element_type=\"widget\" data-widget_type=\"text-editor.default\">\n\t\t\t\t<div class=\"elementor-widget-container\">\n\t\t\t\t\t\t\t\t\t<p><b>\u00dcber EL Arfero \u2013 Ihre Immobilienagentur an der Costa Blanca und Costa C\u00e1lida. <\/b><span style=\"font-weight: 400;\">EL Arfero, Ihre Immobilienagentur in Algorfa, Alicante. Wir hei\u00dfen Sie im wundersch\u00f6nen Spanien willkommen, wo Sie warmes Wetter, traumhafte Str\u00e4nde und nicht zu vergessen die spanische K\u00fcche genie\u00dfen k\u00f6nnen. EL Arfero ist eine Agentur, die f\u00fcr guten, ehrlichen, professionellen und korrekten Service steht. Alle unsere Immobilienspezialisten stehen Ihnen mit einem L\u00e4cheln zur Verf\u00fcgung und werden Ihren Kauf um jeden Preis zu einem guten Abschluss bringen, aber damit nicht genug. Auch nach Ihrem Kauf steht Ihnen EL Arfero weiterhin mit Rat und Tat zur Seite. Wir sind hier, um den Kauf Ihrer Villa, Ihres Apartments, Ihrer Maisonette, Ihres Stadthauses, Ihrer Finca oder vielleicht sogar Ihrer Gewerbeimmobilie zu einem angenehmen Erlebnis zu machen.     <\/span><\/p><p><span style=\"font-weight: 400;\">Der Kauf einer Immobilie an der Costa Blanca oder Costa Calida kann ein einsch\u00fcchternder Prozess sein, der viele Fragen und Zweifel mit sich bringt. Deshalb stehen Ihnen die Makler von EL Arfero gerne zur Seite! Wir finden f\u00fcr Sie die perfekte Immobilie, die zu Ihnen passt. Nachdem wir eine Immobilie f\u00fcr Sie gefunden haben, ist unsere Arbeit noch nicht beendet. Wir verhandeln den Preis, k\u00fcmmern uns um die Formalit\u00e4ten und setzen uns mit dem Anwalt in Verbindung, um alles rund um die Immobilie auf Rechtm\u00e4\u00dfigkeit und offene Schulden zu \u00fcberpr\u00fcfen. Unsere Immobilienspezialisten arbeiten eng mit hervorragenden Rechtsvertretern zusammen, um unsere Kunden w\u00e4hrend des Kaufprozesses zu unterst\u00fctzen. Sie bringen auch ihr Fachwissen ein und beraten Sie in Bezug auf Steuern, Visa, Testamente und alle anderen rechtlichen Fragen.     <\/span><\/p>\t\t\t\t\t\t\t\t<\/div>\n\t\t\t\t<\/div>\n\t\t\t\t\t<\/div>\n\t\t<\/div>\n\t\t\t\t\t<\/div>\n\t\t<\/section>\n\t\t\t\t<section class=\"elementor-section elementor-top-section elementor-element elementor-element-fc7de54 elementor-section-boxed elementor-section-height-default elementor-section-height-default\" data-id=\"fc7de54\" data-element_type=\"section\" data-settings=\"{&quot;jet_parallax_layout_list&quot;:[],&quot;background_background&quot;:&quot;classic&quot;}\">\n\t\t\t\t\t\t<div class=\"elementor-container elementor-column-gap-default\">\n\t\t\t\t\t<div class=\"elementor-column elementor-col-50 elementor-top-column elementor-element elementor-element-ad18a70\" data-id=\"ad18a70\" data-element_type=\"column\" data-settings=\"{&quot;background_background&quot;:&quot;classic&quot;}\">\n\t\t\t<div class=\"elementor-widget-wrap elementor-element-populated\">\n\t\t\t\t\t\t<div class=\"elementor-element elementor-element-b55cee7 elementor-widget elementor-widget-image\" data-id=\"b55cee7\" data-element_type=\"widget\" data-widget_type=\"image.default\">\n\t\t\t\t<div class=\"elementor-widget-container\">\n\t\t\t\t\t\t\t\t\t\t\t\t\t\t\t<img fetchpriority=\"high\" decoding=\"async\" width=\"894\" height=\"894\" src=\"https:\/\/elarfero.be\/wp-content\/uploads\/2023\/01\/JURGEN-e1673520910546.jpg\" class=\"attachment-full size-full wp-image-4017\" alt=\"\" srcset=\"https:\/\/elarfero.be\/wp-content\/uploads\/2023\/01\/JURGEN-e1673520910546.jpg 894w, https:\/\/elarfero.be\/wp-content\/uploads\/2023\/01\/JURGEN-e1673520910546-300x300.jpg 300w, https:\/\/elarfero.be\/wp-content\/uploads\/2023\/01\/JURGEN-e1673520910546-150x150.jpg 150w, https:\/\/elarfero.be\/wp-content\/uploads\/2023\/01\/JURGEN-e1673520910546-768x768.jpg 768w\" sizes=\"(max-width: 894px) 100vw, 894px\" title=\"\">\t\t\t\t\t\t\t\t\t\t\t\t\t\t\t<\/div>\n\t\t\t\t<\/div>\n\t\t\t\t\t<\/div>\n\t\t<\/div>\n\t\t\t\t<div class=\"elementor-column elementor-col-50 elementor-top-column elementor-element elementor-element-878fe5f\" data-id=\"878fe5f\" data-element_type=\"column\" data-settings=\"{&quot;background_background&quot;:&quot;classic&quot;}\">\n\t\t\t<div class=\"elementor-widget-wrap elementor-element-populated\">\n\t\t\t\t\t\t<div class=\"elementor-element elementor-element-755903f elementor-widget elementor-widget-text-editor\" data-id=\"755903f\" data-element_type=\"widget\" data-widget_type=\"text-editor.default\">\n\t\t\t\t<div class=\"elementor-widget-container\">\n\t\t\t\t\t\t\t\t\t<p> Ich bin Jurgen de Rijcke, der Gr\u00fcnder von EL Arfero. Zusammen mit meinem professionellen Team sind wir die tragenden S\u00e4ulen der Immobilienagentur EL Arfero im sonnigen Spanien. Dank der langj\u00e4hrigen Erfahrung des gesamten Teams im internationalen Immobilienbereich stehen wir unseren Kunden, die eine Immobilie an der Costa Blanca, Costa Calida oder Costa del Sol kaufen m\u00f6chten, zu 100 % zur Verf\u00fcgung. Von Neubauimmobilien bis hin zu Ihrer komplett ma\u00dfgeschneiderten Villa \u2013 wir haben alles, um Sie zu unterst\u00fctzen! Auch f\u00fcr Wiederverkaufsimmobilien im sonnigen Spanien verf\u00fcgen wir \u00fcber ein umfangreiches Netzwerk von Eigent\u00fcmern und Maklerkollegen, um Ihre Traumimmobilie zu finden! Teilen Sie uns mit, wie Ihre spanische Traumimmobilie aussieht, und wir suchen sie f\u00fcr Sie!     <\/p>\t\t\t\t\t\t\t\t<\/div>\n\t\t\t\t<\/div>\n\t\t\t\t\t<\/div>\n\t\t<\/div>\n\t\t\t\t\t<\/div>\n\t\t<\/section>\n\t\t\t\t<section class=\"elementor-section elementor-top-section elementor-element elementor-element-32e11a6 elementor-section-full_width elementor-section-height-default elementor-section-height-default\" data-id=\"32e11a6\" data-element_type=\"section\" data-settings=\"{&quot;jet_parallax_layout_list&quot;:[],&quot;background_background&quot;:&quot;classic&quot;}\">\n\t\t\t\t\t\t<div class=\"elementor-container elementor-column-gap-default\">\n\t\t\t\t\t<div class=\"elementor-column elementor-col-33 elementor-top-column elementor-element elementor-element-2a31316 elementor-hidden-mobile\" data-id=\"2a31316\" data-element_type=\"column\">\n\t\t\t<div class=\"elementor-widget-wrap elementor-element-populated\">\n\t\t\t\t\t\t<div class=\"elementor-element elementor-element-6d0c164 elementor-widget-divider--view-line elementor-widget elementor-widget-divider\" data-id=\"6d0c164\" data-element_type=\"widget\" data-widget_type=\"divider.default\">\n\t\t\t\t<div class=\"elementor-widget-container\">\n\t\t\t\t\t\t\t<div class=\"elementor-divider\">\n\t\t\t<span class=\"elementor-divider-separator\">\n\t\t\t\t\t\t<\/span>\n\t\t<\/div>\n\t\t\t\t\t\t<\/div>\n\t\t\t\t<\/div>\n\t\t\t\t\t<\/div>\n\t\t<\/div>\n\t\t\t\t<div class=\"elementor-column elementor-col-33 elementor-top-column elementor-element elementor-element-adf2da1\" data-id=\"adf2da1\" data-element_type=\"column\">\n\t\t\t<div class=\"elementor-widget-wrap elementor-element-populated\">\n\t\t\t\t\t\t<div class=\"elementor-element elementor-element-9c916e6 prue elementor-widget elementor-widget-heading\" data-id=\"9c916e6\" data-element_type=\"widget\" data-widget_type=\"heading.default\">\n\t\t\t\t<div class=\"elementor-widget-container\">\n\t\t\t\t\t<h2 class=\"elementor-heading-title elementor-size-default\">Unsere B\u00fcros<\/h2>\t\t\t\t<\/div>\n\t\t\t\t<\/div>\n\t\t\t\t\t<\/div>\n\t\t<\/div>\n\t\t\t\t<div class=\"elementor-column elementor-col-33 elementor-top-column elementor-element elementor-element-f8048a5 elementor-hidden-mobile\" data-id=\"f8048a5\" data-element_type=\"column\" data-settings=\"{&quot;background_background&quot;:&quot;classic&quot;}\">\n\t\t\t<div class=\"elementor-widget-wrap elementor-element-populated\">\n\t\t\t\t\t\t<div class=\"elementor-element elementor-element-d8dcda4 elementor-widget-divider--view-line elementor-widget elementor-widget-divider\" data-id=\"d8dcda4\" data-element_type=\"widget\" data-widget_type=\"divider.default\">\n\t\t\t\t<div class=\"elementor-widget-container\">\n\t\t\t\t\t\t\t<div class=\"elementor-divider\">\n\t\t\t<span class=\"elementor-divider-separator\">\n\t\t\t\t\t\t<\/span>\n\t\t<\/div>\n\t\t\t\t\t\t<\/div>\n\t\t\t\t<\/div>\n\t\t\t\t\t<\/div>\n\t\t<\/div>\n\t\t\t\t\t<\/div>\n\t\t<\/section>\n\t\t\t\t<section class=\"elementor-section elementor-top-section elementor-element elementor-element-a4c4f15 elementor-section-boxed elementor-section-height-default elementor-section-height-default\" data-id=\"a4c4f15\" data-element_type=\"section\" data-settings=\"{&quot;jet_parallax_layout_list&quot;:[],&quot;background_background&quot;:&quot;classic&quot;}\">\n\t\t\t\t\t\t<div class=\"elementor-container elementor-column-gap-default\">\n\t\t\t\t\t<div class=\"elementor-column elementor-col-50 elementor-top-column elementor-element elementor-element-43c57db\" data-id=\"43c57db\" data-element_type=\"column\">\n\t\t\t<div class=\"elementor-widget-wrap elementor-element-populated\">\n\t\t\t\t\t\t<div class=\"elementor-element elementor-element-d3d8096 elementor-widget elementor-widget-image\" data-id=\"d3d8096\" data-element_type=\"widget\" data-widget_type=\"image.default\">\n\t\t\t\t<div class=\"elementor-widget-container\">\n\t\t\t\t\t\t\t\t\t\t\t\t\t\t\t<img decoding=\"async\" width=\"2016\" height=\"997\" src=\"https:\/\/elarfero.be\/wp-content\/uploads\/2023\/01\/WhatsApp-Image-2023-01-17-at-18.12.11-e1674046326101.jpeg\" class=\"attachment-full size-full wp-image-5386\" alt=\"\" srcset=\"https:\/\/elarfero.be\/wp-content\/uploads\/2023\/01\/WhatsApp-Image-2023-01-17-at-18.12.11-e1674046326101.jpeg 2016w, https:\/\/elarfero.be\/wp-content\/uploads\/2023\/01\/WhatsApp-Image-2023-01-17-at-18.12.11-e1674046326101-300x148.jpeg 300w, https:\/\/elarfero.be\/wp-content\/uploads\/2023\/01\/WhatsApp-Image-2023-01-17-at-18.12.11-e1674046326101-1024x506.jpeg 1024w, https:\/\/elarfero.be\/wp-content\/uploads\/2023\/01\/WhatsApp-Image-2023-01-17-at-18.12.11-e1674046326101-768x380.jpeg 768w, https:\/\/elarfero.be\/wp-content\/uploads\/2023\/01\/WhatsApp-Image-2023-01-17-at-18.12.11-e1674046326101-1536x760.jpeg 1536w\" sizes=\"(max-width: 2016px) 100vw, 2016px\" title=\"\">\t\t\t\t\t\t\t\t\t\t\t\t\t\t\t<\/div>\n\t\t\t\t<\/div>\n\t\t\t\t\t<\/div>\n\t\t<\/div>\n\t\t\t\t<div class=\"elementor-column elementor-col-50 elementor-top-column elementor-element elementor-element-64cdece\" data-id=\"64cdece\" data-element_type=\"column\">\n\t\t\t<div class=\"elementor-widget-wrap elementor-element-populated\">\n\t\t\t\t\t\t<div class=\"elementor-element elementor-element-106d696 elementor-widget elementor-widget-image\" data-id=\"106d696\" data-element_type=\"widget\" data-widget_type=\"image.default\">\n\t\t\t\t<div class=\"elementor-widget-container\">\n\t\t\t\t\t\t\t\t\t\t\t\t\t\t\t<img decoding=\"async\" width=\"2560\" height=\"1999\" src=\"https:\/\/elarfero.be\/wp-content\/uploads\/2025\/03\/kantoor-quesada-scaled.jpg\" class=\"attachment-full size-full wp-image-14339\" alt=\"\" srcset=\"https:\/\/elarfero.be\/wp-content\/uploads\/2025\/03\/kantoor-quesada-scaled.jpg 2560w, https:\/\/elarfero.be\/wp-content\/uploads\/2025\/03\/kantoor-quesada-300x234.jpg 300w, https:\/\/elarfero.be\/wp-content\/uploads\/2025\/03\/kantoor-quesada-1024x800.jpg 1024w, https:\/\/elarfero.be\/wp-content\/uploads\/2025\/03\/kantoor-quesada-768x600.jpg 768w, https:\/\/elarfero.be\/wp-content\/uploads\/2025\/03\/kantoor-quesada-1536x1200.jpg 1536w, https:\/\/elarfero.be\/wp-content\/uploads\/2025\/03\/kantoor-quesada-2048x1599.jpg 2048w\" sizes=\"(max-width: 2560px) 100vw, 2560px\" title=\"\">\t\t\t\t\t\t\t\t\t\t\t\t\t\t\t<\/div>\n\t\t\t\t<\/div>\n\t\t\t\t\t<\/div>\n\t\t<\/div>\n\t\t\t\t\t<\/div>\n\t\t<\/section>\n\t\t\t\t<section class=\"elementor-section elementor-top-section elementor-element elementor-element-21eee20 elementor-section-boxed elementor-section-height-default elementor-section-height-default\" data-id=\"21eee20\" data-element_type=\"section\" data-settings=\"{&quot;jet_parallax_layout_list&quot;:[]}\">\n\t\t\t\t\t\t<div class=\"elementor-container elementor-column-gap-default\">\n\t\t\t\t\t<div class=\"elementor-column elementor-col-100 elementor-top-column elementor-element elementor-element-c27c253\" data-id=\"c27c253\" data-element_type=\"column\">\n\t\t\t<div class=\"elementor-widget-wrap elementor-element-populated\">\n\t\t\t\t\t\t<div class=\"elementor-element elementor-element-8f3e43f prue elementor-hidden-mobile elementor-widget elementor-widget-heading\" data-id=\"8f3e43f\" data-element_type=\"widget\" data-widget_type=\"heading.default\">\n\t\t\t\t<div class=\"elementor-widget-container\">\n\t\t\t\t\t<h2 class=\"elementor-heading-title elementor-size-default\">EL Arfero, Ihr vertrauensw\u00fcrdiger Immobilienmakler in Spanien, bietet Ihnen<\/h2>\t\t\t\t<\/div>\n\t\t\t\t<\/div>\n\t\t\t\t<div class=\"elementor-element elementor-element-3c3ee59 prue elementor-hidden-desktop elementor-hidden-tablet elementor-widget elementor-widget-heading\" data-id=\"3c3ee59\" data-element_type=\"widget\" data-widget_type=\"heading.default\">\n\t\t\t\t<div class=\"elementor-widget-container\">\n\t\t\t\t\t<h2 class=\"elementor-heading-title elementor-size-default\">EL Arfero, <br>Ihr vertrauensw\u00fcrdiger Immobilienmakler in Spanien bietet Ihnen<\/h2>\t\t\t\t<\/div>\n\t\t\t\t<\/div>\n\t\t\t\t\t<\/div>\n\t\t<\/div>\n\t\t\t\t\t<\/div>\n\t\t<\/section>\n\t\t\t\t<section class=\"elementor-section elementor-top-section elementor-element elementor-element-2a7b2d0 elementor-section-boxed elementor-section-height-default elementor-section-height-default\" data-id=\"2a7b2d0\" data-element_type=\"section\" data-settings=\"{&quot;jet_parallax_layout_list&quot;:[]}\">\n\t\t\t\t\t\t<div class=\"elementor-container elementor-column-gap-default\">\n\t\t\t\t\t<div class=\"elementor-column elementor-col-50 elementor-top-column elementor-element elementor-element-14574f0\" data-id=\"14574f0\" data-element_type=\"column\">\n\t\t\t<div class=\"elementor-widget-wrap elementor-element-populated\">\n\t\t\t\t\t\t<div class=\"elementor-element elementor-element-05db9f2 prue elementor-widget elementor-widget-heading\" data-id=\"05db9f2\" data-element_type=\"widget\" data-widget_type=\"heading.default\">\n\t\t\t\t<div class=\"elementor-widget-container\">\n\t\t\t\t\t<h2 class=\"elementor-heading-title elementor-size-default\">Wiederverkauf Wohnungen<\/h2>\t\t\t\t<\/div>\n\t\t\t\t<\/div>\n\t\t\t\t<div class=\"elementor-element elementor-element-7588081 elementor-widget elementor-widget-text-editor\" data-id=\"7588081\" data-element_type=\"widget\" data-widget_type=\"text-editor.default\">\n\t\t\t\t<div class=\"elementor-widget-container\">\n\t\t\t\t\t\t\t\t\t<p><span style=\"font-weight: 400;\">\u00dcber die gesamte Costa Blanca und Costa Calida. Aber auch in sehr beliebten Orten wie Ciudad Quesada, Rojales, Benijofar, Benimar, Orihuela Costa, La Zenia, Campoamor, Playa Flamenca, Cabo Roig, Pilar de Horadada, Torre de la Horadada, Mil Palmeras, Torrevieja, Punta Prima, Los Balcones, La Mata, Santa Pola, Benidorm, Altea, Finestrat, Polop, Alfaz del Pi und vielen anderen. Wir helfen Ihnen gerne dabei, Ihr Traumhaus zu finden. In unserem Portfolio finden Sie alle Arten von Immobilien zu den besten Preisen: Apartments, Penth\u00e4user, Bungalows, Villen, Duplex-Wohnungen, Stadth\u00e4user, Fincas, Grundst\u00fccke und Gewerbeimmobilien.   <\/span><\/p>\t\t\t\t\t\t\t\t<\/div>\n\t\t\t\t<\/div>\n\t\t\t\t\t<\/div>\n\t\t<\/div>\n\t\t\t\t<div class=\"elementor-column elementor-col-50 elementor-top-column elementor-element elementor-element-2d7753b\" data-id=\"2d7753b\" data-element_type=\"column\">\n\t\t\t<div class=\"elementor-widget-wrap elementor-element-populated\">\n\t\t\t\t\t\t<div class=\"elementor-element elementor-element-d147b97 prue elementor-widget elementor-widget-heading\" data-id=\"d147b97\" data-element_type=\"widget\" data-widget_type=\"heading.default\">\n\t\t\t\t<div class=\"elementor-widget-container\">\n\t\t\t\t\t<h2 class=\"elementor-heading-title elementor-size-default\">Neubau Wohnungen<\/h2>\t\t\t\t<\/div>\n\t\t\t\t<\/div>\n\t\t\t\t<div class=\"elementor-element elementor-element-37aa89f elementor-widget elementor-widget-text-editor\" data-id=\"37aa89f\" data-element_type=\"widget\" data-widget_type=\"text-editor.default\">\n\t\t\t\t<div class=\"elementor-widget-container\">\n\t\t\t\t\t\t\t\t\t<p><span style=\"font-weight: 400;\">Sowohl unsere lokalen als auch unsere ausl\u00e4ndischen Kunden zeigen ein wachsendes Interesse an Neubauprojekten. Wir freuen uns, dass wir eine sehr breite Palette an Neubauwohnungen anbieten k\u00f6nnen. EL Arfero arbeitet mit den meisten lokalen und zuverl\u00e4ssigen Bautr\u00e4gern zusammen und kann daher w\u00e4hrend des gesamten Kauf- und Bauprozesses professionelle Beratung und Unterst\u00fctzung bieten.  <\/span><\/p>\t\t\t\t\t\t\t\t<\/div>\n\t\t\t\t<\/div>\n\t\t\t\t\t<\/div>\n\t\t<\/div>\n\t\t\t\t\t<\/div>\n\t\t<\/section>\n\t\t\t\t<section class=\"elementor-section elementor-top-section elementor-element elementor-element-80388d9 elementor-section-boxed elementor-section-height-default elementor-section-height-default\" data-id=\"80388d9\" data-element_type=\"section\" data-settings=\"{&quot;jet_parallax_layout_list&quot;:[]}\">\n\t\t\t\t\t\t<div class=\"elementor-container elementor-column-gap-default\">\n\t\t\t\t\t<div class=\"elementor-column elementor-col-50 elementor-top-column elementor-element elementor-element-b8ca34e\" data-id=\"b8ca34e\" data-element_type=\"column\">\n\t\t\t<div class=\"elementor-widget-wrap elementor-element-populated\">\n\t\t\t\t\t\t<div class=\"elementor-element elementor-element-6154b81 prue elementor-widget elementor-widget-heading\" data-id=\"6154b81\" data-element_type=\"widget\" data-widget_type=\"heading.default\">\n\t\t\t\t<div class=\"elementor-widget-container\">\n\t\t\t\t\t<h2 class=\"elementor-heading-title elementor-size-default\">Luxusimmobilien Immobilien<\/h2>\t\t\t\t<\/div>\n\t\t\t\t<\/div>\n\t\t\t\t<div class=\"elementor-element elementor-element-c4516ff elementor-widget elementor-widget-text-editor\" data-id=\"c4516ff\" data-element_type=\"widget\" data-widget_type=\"text-editor.default\">\n\t\t\t\t<div class=\"elementor-widget-container\">\n\t\t\t\t\t\t\t\t\t<p><span style=\"font-weight: 400;\">Wir bieten auch Luxusimmobilien an, die nach den h\u00f6chsten Qualit\u00e4tsstandards, Spezifikationen und W\u00fcnschen gebaut wurden. Von exklusiven Penth\u00e4usern bis hin zu Strandvillen oder Golfvillen. Dank unserer langj\u00e4hrigen Erfahrung und unserem Engagement im Immobilienbereich an der Costa Blanca und Costa Calida haben wir Zugang zu einer Vielzahl exklusiver Immobilien.  <\/span><\/p>\t\t\t\t\t\t\t\t<\/div>\n\t\t\t\t<\/div>\n\t\t\t\t\t<\/div>\n\t\t<\/div>\n\t\t\t\t<div class=\"elementor-column elementor-col-50 elementor-top-column elementor-element elementor-element-9fd29dc\" data-id=\"9fd29dc\" data-element_type=\"column\">\n\t\t\t<div class=\"elementor-widget-wrap elementor-element-populated\">\n\t\t\t\t\t\t<div class=\"elementor-element elementor-element-1f4af41 prue elementor-widget elementor-widget-heading\" data-id=\"1f4af41\" data-element_type=\"widget\" data-widget_type=\"heading.default\">\n\t\t\t\t<div class=\"elementor-widget-container\">\n\t\t\t\t\t<h2 class=\"elementor-heading-title elementor-size-default\">Die Investitionspfanne<\/h2>\t\t\t\t<\/div>\n\t\t\t\t<\/div>\n\t\t\t\t<div class=\"elementor-element elementor-element-6ba7c86 elementor-widget elementor-widget-text-editor\" data-id=\"6ba7c86\" data-element_type=\"widget\" data-widget_type=\"text-editor.default\">\n\t\t\t\t<div class=\"elementor-widget-container\">\n\t\t\t\t\t\t\t\t\t<p><span style=\"font-weight: 400;\">Die Immobilienagentur EL Arfero ist auf Wohnimmobilien und Projekte spezialisiert, unabh\u00e4ngig davon, ob diese f\u00fcr Wohn-, Tourismus-, Gewerbe- oder Industriezwecke bestimmt sind. Wir bieten einen 360-Grad-Service, um unsere Kunden bei der Suche nach einer Investitionsimmobilie optimal zu begleiten. Von Anfang bis Ende und dar\u00fcber hinaus.  <\/span><\/p>\t\t\t\t\t\t\t\t<\/div>\n\t\t\t\t<\/div>\n\t\t\t\t\t<\/div>\n\t\t<\/div>\n\t\t\t\t\t<\/div>\n\t\t<\/section>\n\t\t\t\t<\/div>\n\t\t","protected":false},"excerpt":{"rendered":"<p>\u00dcber uns EL Arfero, Ihr Immobilien Spezialist an den K\u00fcsten \u00dcber EL Arfero \u2013 Ihre Immobilienagentur an der Costa Blanca und Costa C\u00e1lida. EL Arfero, Ihre Immobilienagentur in Algorfa, Alicante. Wir hei\u00dfen Sie im wundersch\u00f6nen Spanien willkommen, wo Sie warmes Wetter, traumhafte Str\u00e4nde und nicht zu vergessen die spanische K\u00fcche genie\u00dfen k\u00f6nnen. EL Arfero ist [&hellip;]<\/p>\n","protected":false},"author":2,"featured_media":0,"parent":0,"menu_order":0,"comment_status":"closed","ping_status":"closed","template":"elementor_header_footer","meta":{"_acf_changed":false,"footnotes":""},"class_list":["post-17628","page","type-page","status-publish","hentry"],"acf":[],"_links":{"self":[{"href":"https:\/\/elarfero.be\/de\/wp-json\/wp\/v2\/pages\/17628","targetHints":{"allow":["GET"]}}],"collection":[{"href":"https:\/\/elarfero.be\/de\/wp-json\/wp\/v2\/pages"}],"about":[{"href":"https:\/\/elarfero.be\/de\/wp-json\/wp\/v2\/types\/page"}],"author":[{"embeddable":true,"href":"https:\/\/elarfero.be\/de\/wp-json\/wp\/v2\/users\/2"}],"replies":[{"embeddable":true,"href":"https:\/\/elarfero.be\/de\/wp-json\/wp\/v2\/comments?post=17628"}],"version-history":[{"count":1,"href":"https:\/\/elarfero.be\/de\/wp-json\/wp\/v2\/pages\/17628\/revisions"}],"predecessor-version":[{"id":17629,"href":"https:\/\/elarfero.be\/de\/wp-json\/wp\/v2\/pages\/17628\/revisions\/17629"}],"wp:attachment":[{"href":"https:\/\/elarfero.be\/de\/wp-json\/wp\/v2\/media?parent=17628"}],"curies":[{"name":"wp","href":"https:\/\/api.w.org\/{rel}","templated":true}]}}