{"id":17630,"date":"2022-12-21T07:52:08","date_gmt":"2022-12-21T06:52:08","guid":{"rendered":"https:\/\/elarfero.be\/datenschutzerklaerung\/"},"modified":"2025-10-28T14:17:34","modified_gmt":"2025-10-28T13:17:34","slug":"datenschutzerklaerung","status":"publish","type":"page","link":"https:\/\/elarfero.be\/de\/datenschutzerklaerung\/","title":{"rendered":"Datenschutzerkl\u00e4rung"},"content":{"rendered":"\t\t<div data-elementor-type=\"wp-page\" data-elementor-id=\"17630\" class=\"elementor elementor-17630 elementor-1304\" data-elementor-post-type=\"page\">\n\t\t\t\t\t\t<section class=\"elementor-section elementor-top-section elementor-element elementor-element-253e567 elementor-section-boxed elementor-section-height-default elementor-section-height-default\" data-id=\"253e567\" data-element_type=\"section\" id=\"content\" data-settings=\"{&quot;jet_parallax_layout_list&quot;:[]}\" tabindex=\"\">\n\t\t\t\t\t\t<div class=\"elementor-container elementor-column-gap-default\">\n\t\t\t\t\t<div class=\"elementor-column elementor-col-100 elementor-top-column elementor-element elementor-element-84d5254\" data-id=\"84d5254\" data-element_type=\"column\">\n\t\t\t<div class=\"elementor-widget-wrap elementor-element-populated\">\n\t\t\t\t\t\t<div class=\"elementor-element elementor-element-e3a4680 prue elementor-widget elementor-widget-heading\" data-id=\"e3a4680\" data-element_type=\"widget\" data-widget_type=\"heading.default\">\n\t\t\t\t<div class=\"elementor-widget-container\">\n\t\t\t\t\t<h1 class=\"elementor-heading-title elementor-size-default\">Datenschutzerkl\u00e4rung<\/h1>\t\t\t\t<\/div>\n\t\t\t\t<\/div>\n\t\t\t\t\t<\/div>\n\t\t<\/div>\n\t\t\t\t\t<\/div>\n\t\t<\/section>\n\t\t\t\t<section class=\"elementor-section elementor-top-section elementor-element elementor-element-1050820 elementor-section-full_width elementor-hidden-mobile elementor-section-height-default elementor-section-height-default\" data-id=\"1050820\" data-element_type=\"section\" data-settings=\"{&quot;jet_parallax_layout_list&quot;:[]}\">\n\t\t\t\t\t\t<div class=\"elementor-container elementor-column-gap-default\">\n\t\t\t\t\t<div class=\"elementor-column elementor-col-33 elementor-top-column elementor-element elementor-element-fa1fd44\" data-id=\"fa1fd44\" data-element_type=\"column\">\n\t\t\t<div class=\"elementor-widget-wrap elementor-element-populated\">\n\t\t\t\t\t\t<div class=\"elementor-element elementor-element-f2fbe23 elementor-widget-divider--view-line elementor-widget elementor-widget-divider\" data-id=\"f2fbe23\" data-element_type=\"widget\" data-widget_type=\"divider.default\">\n\t\t\t\t<div class=\"elementor-widget-container\">\n\t\t\t\t\t\t\t<div class=\"elementor-divider\">\n\t\t\t<span class=\"elementor-divider-separator\">\n\t\t\t\t\t\t<\/span>\n\t\t<\/div>\n\t\t\t\t\t\t<\/div>\n\t\t\t\t<\/div>\n\t\t\t\t\t<\/div>\n\t\t<\/div>\n\t\t\t\t<div class=\"elementor-column elementor-col-33 elementor-top-column elementor-element elementor-element-1edb062\" data-id=\"1edb062\" data-element_type=\"column\">\n\t\t\t<div class=\"elementor-widget-wrap elementor-element-populated\">\n\t\t\t\t\t\t<div class=\"elementor-element elementor-element-6eab450 elementor-widget elementor-widget-image\" data-id=\"6eab450\" data-element_type=\"widget\" data-widget_type=\"image.default\">\n\t\t\t\t<div class=\"elementor-widget-container\">\n\t\t\t\t\t\t\t\t\t\t\t\t\t\t\t<img fetchpriority=\"high\" decoding=\"async\" width=\"800\" height=\"320\" src=\"https:\/\/elarfero.be\/wp-content\/uploads\/2022\/12\/El-Arfero-New-Logo.png\" class=\"attachment-large size-large wp-image-192\" alt=\"Logo El Arfero Real Estate\" srcset=\"https:\/\/elarfero.be\/wp-content\/uploads\/2022\/12\/El-Arfero-New-Logo.png 1004w, https:\/\/elarfero.be\/wp-content\/uploads\/2022\/12\/El-Arfero-New-Logo-300x120.png 300w, https:\/\/elarfero.be\/wp-content\/uploads\/2022\/12\/El-Arfero-New-Logo-768x308.png 768w\" sizes=\"(max-width: 800px) 100vw, 800px\" title=\"\">\t\t\t\t\t\t\t\t\t\t\t\t\t\t\t<\/div>\n\t\t\t\t<\/div>\n\t\t\t\t\t<\/div>\n\t\t<\/div>\n\t\t\t\t<div class=\"elementor-column elementor-col-33 elementor-top-column elementor-element elementor-element-7733720\" data-id=\"7733720\" data-element_type=\"column\" data-settings=\"{&quot;background_background&quot;:&quot;classic&quot;}\">\n\t\t\t<div class=\"elementor-widget-wrap elementor-element-populated\">\n\t\t\t\t\t\t<div class=\"elementor-element elementor-element-99823d0 elementor-widget-divider--view-line elementor-widget elementor-widget-divider\" data-id=\"99823d0\" data-element_type=\"widget\" data-widget_type=\"divider.default\">\n\t\t\t\t<div class=\"elementor-widget-container\">\n\t\t\t\t\t\t\t<div class=\"elementor-divider\">\n\t\t\t<span class=\"elementor-divider-separator\">\n\t\t\t\t\t\t<\/span>\n\t\t<\/div>\n\t\t\t\t\t\t<\/div>\n\t\t\t\t<\/div>\n\t\t\t\t\t<\/div>\n\t\t<\/div>\n\t\t\t\t\t<\/div>\n\t\t<\/section>\n\t\t\t\t<section class=\"elementor-section elementor-top-section elementor-element elementor-element-41a4e03 elementor-section-boxed elementor-section-height-default elementor-section-height-default\" data-id=\"41a4e03\" data-element_type=\"section\" data-settings=\"{&quot;jet_parallax_layout_list&quot;:[]}\">\n\t\t\t\t\t\t<div class=\"elementor-container elementor-column-gap-default\">\n\t\t\t\t\t<div class=\"elementor-column elementor-col-100 elementor-top-column elementor-element elementor-element-46a48bc\" data-id=\"46a48bc\" data-element_type=\"column\">\n\t\t\t<div class=\"elementor-widget-wrap elementor-element-populated\">\n\t\t\t\t\t\t<div class=\"elementor-element elementor-element-e6dfdfd elementor-widget elementor-widget-text-editor\" data-id=\"e6dfdfd\" data-element_type=\"widget\" data-widget_type=\"text-editor.default\">\n\t\t\t\t<div class=\"elementor-widget-container\">\n\t\t\t\t\t\t\t\t\t<h2>Datenschutzerkl\u00e4rung El Arfero Real Estate S.L.<\/h2><p><strong>Datenschutzerkl\u00e4rung f\u00fcr El Arfero Real Estate S.L.<\/strong><br><strong>1) Datenschutzgarantien<\/strong><\/p><p>Die Gew\u00e4hrleistung der Privatsph\u00e4re der Besucher von https:\/\/elarfero.be ist f\u00fcr uns eine wichtige Aufgabe. Deshalb beschreiben wir in unserer Datenschutzerkl\u00e4rung, welche Informationen wir sammeln und wie wir sie verwenden. <\/p><p><strong>2) Einwilligung<\/strong><\/p><p>Durch die Nutzung der Informationen und Dienste auf https:\/\/elarfero.be erkl\u00e4ren Sie sich mit unserer Datenschutzerkl\u00e4rung und den darin enthaltenen Bedingungen einverstanden.<\/p><p><strong>3) Fragen<\/strong><\/p><p>Wenn Sie weitere Informationen w\u00fcnschen oder Fragen zur Datenschutzerkl\u00e4rung von El Arfero und insbesondere zu https:\/\/elarfero.be haben, kontaktieren Sie uns bitte per E-Mail. Unsere E-Mail-Adresse lautet info@elarfero.be. <\/p><p><strong>4) \u00dcberwachung des Besucherverhaltens<\/strong><\/p><p>https:\/\/elarfero.be verwendet verschiedene Techniken, um zu verfolgen, wer die Website besucht, wie sich dieser Besucher auf der Website verh\u00e4lt und welche Seiten besucht werden. Dies ist eine g\u00e4ngige Vorgehensweise f\u00fcr Websites, da sie Informationen liefert, die zur Qualit\u00e4t der Benutzererfahrung beitragen. Die Informationen, die wir \u00fcber Cookies erfassen, umfassen IP-Adressen, Browsertyp und besuchte Seiten.  <\/p><p>Wir erfassen auch, wo Besucher die Website zum ersten Mal besuchen und von welcher Seite sie sie verlassen. Diese Informationen werden anonym gespeichert und nicht mit anderen personenbezogenen Daten verkn\u00fcpft. <\/p><p><strong>5) Verwendung von Cookies<\/strong><\/p><p>https:\/\/elarfero.be setzt Cookies bei Besuchern. Wir tun dies, um Informationen \u00fcber die Seiten zu sammeln, die Nutzer auf unserer Website besuchen, um zu verfolgen, wie oft Besucher zur\u00fcckkehren, und um zu sehen, welche Seiten auf der Website gut ankommen. Wir verfolgen auch, welche Informationen der Browser weitergibt.  <\/p><p><strong>6) Cookies deaktivieren<\/strong><\/p><p>Sie k\u00f6nnen Cookies deaktivieren. Dies k\u00f6nnen Sie \u00fcber die Optionen Ihres Browsers tun. Weitere Informationen zu diesen M\u00f6glichkeiten finden Sie auf der Website Ihres Browseranbieters.  <\/p><p><strong>7) Cookies von Dritten<\/strong><\/p><p>Es ist m\u00f6glich, dass Dritte, wie beispielsweise Google, auf unserer Website Werbung schalten oder dass wir einen anderen Dienst nutzen. Zu diesem Zweck setzen diese Dritten in einigen F\u00e4llen Cookies. Diese Cookies k\u00f6nnen von https:\/\/elarfero.be nicht beeinflusst werden.  <\/p>\t\t\t\t\t\t\t\t<\/div>\n\t\t\t\t<\/div>\n\t\t\t\t\t<\/div>\n\t\t<\/div>\n\t\t\t\t\t<\/div>\n\t\t<\/section>\n\t\t\t\t<\/div>\n\t\t","protected":false},"excerpt":{"rendered":"<p>Datenschutzerkl\u00e4rung Datenschutzerkl\u00e4rung El Arfero Real Estate S.L. Datenschutzerkl\u00e4rung f\u00fcr El Arfero Real Estate S.L.1) Datenschutzgarantien Die Gew\u00e4hrleistung der Privatsph\u00e4re der Besucher von https:\/\/elarfero.be ist f\u00fcr uns eine wichtige Aufgabe. Deshalb beschreiben wir in unserer Datenschutzerkl\u00e4rung, welche Informationen wir sammeln und wie wir sie verwenden. 2) Einwilligung Durch die Nutzung der Informationen und Dienste auf https:\/\/elarfero.be [&hellip;]<\/p>\n","protected":false},"author":2,"featured_media":0,"parent":0,"menu_order":0,"comment_status":"closed","ping_status":"closed","template":"elementor_header_footer","meta":{"_acf_changed":false,"footnotes":""},"class_list":["post-17630","page","type-page","status-publish","hentry"],"acf":[],"_links":{"self":[{"href":"https:\/\/elarfero.be\/de\/wp-json\/wp\/v2\/pages\/17630","targetHints":{"allow":["GET"]}}],"collection":[{"href":"https:\/\/elarfero.be\/de\/wp-json\/wp\/v2\/pages"}],"about":[{"href":"https:\/\/elarfero.be\/de\/wp-json\/wp\/v2\/types\/page"}],"author":[{"embeddable":true,"href":"https:\/\/elarfero.be\/de\/wp-json\/wp\/v2\/users\/2"}],"replies":[{"embeddable":true,"href":"https:\/\/elarfero.be\/de\/wp-json\/wp\/v2\/comments?post=17630"}],"version-history":[{"count":1,"href":"https:\/\/elarfero.be\/de\/wp-json\/wp\/v2\/pages\/17630\/revisions"}],"predecessor-version":[{"id":17631,"href":"https:\/\/elarfero.be\/de\/wp-json\/wp\/v2\/pages\/17630\/revisions\/17631"}],"wp:attachment":[{"href":"https:\/\/elarfero.be\/de\/wp-json\/wp\/v2\/media?parent=17630"}],"curies":[{"name":"wp","href":"https:\/\/api.w.org\/{rel}","templated":true}]}}