{"id":17643,"date":"2023-01-25T11:58:09","date_gmt":"2023-01-25T10:58:09","guid":{"rendered":"https:\/\/elarfero.be\/allgemeine-geschaeftsbedingungen\/"},"modified":"2025-10-28T14:27:50","modified_gmt":"2025-10-28T13:27:50","slug":"allgemeine-geschaeftsbedingungen","status":"publish","type":"page","link":"https:\/\/elarfero.be\/de\/allgemeine-geschaeftsbedingungen\/","title":{"rendered":"Allgemeine Gesch\u00e4ftsbedingungen"},"content":{"rendered":"\t\t<div data-elementor-type=\"wp-page\" data-elementor-id=\"17643\" class=\"elementor elementor-17643 elementor-7878\" data-elementor-post-type=\"page\">\n\t\t\t\t\t\t<section class=\"elementor-section elementor-top-section elementor-element elementor-element-f56202b elementor-section-boxed elementor-section-height-default elementor-section-height-default\" data-id=\"f56202b\" data-element_type=\"section\" data-settings=\"{&quot;jet_parallax_layout_list&quot;:[]}\">\n\t\t\t\t\t\t<div class=\"elementor-container elementor-column-gap-default\">\n\t\t\t\t\t<div class=\"elementor-column elementor-col-100 elementor-top-column elementor-element elementor-element-b895c95\" data-id=\"b895c95\" data-element_type=\"column\">\n\t\t\t<div class=\"elementor-widget-wrap elementor-element-populated\">\n\t\t\t\t\t\t<div class=\"elementor-element elementor-element-ae47b3c prue elementor-widget elementor-widget-heading\" data-id=\"ae47b3c\" data-element_type=\"widget\" data-widget_type=\"heading.default\">\n\t\t\t\t<div class=\"elementor-widget-container\">\n\t\t\t\t\t<h1 class=\"elementor-heading-title elementor-size-default\">Allgemeine Gesch\u00e4ftsbedingungen<\/h1>\t\t\t\t<\/div>\n\t\t\t\t<\/div>\n\t\t\t\t\t<\/div>\n\t\t<\/div>\n\t\t\t\t\t<\/div>\n\t\t<\/section>\n\t\t\t\t<section class=\"elementor-section elementor-top-section elementor-element elementor-element-ebc0cfe elementor-section-full_width elementor-hidden-mobile elementor-section-height-default elementor-section-height-default\" data-id=\"ebc0cfe\" data-element_type=\"section\" data-settings=\"{&quot;jet_parallax_layout_list&quot;:[]}\">\n\t\t\t\t\t\t<div class=\"elementor-container elementor-column-gap-default\">\n\t\t\t\t\t<div class=\"elementor-column elementor-col-33 elementor-top-column elementor-element elementor-element-a8146be\" data-id=\"a8146be\" data-element_type=\"column\">\n\t\t\t<div class=\"elementor-widget-wrap elementor-element-populated\">\n\t\t\t\t\t\t<div class=\"elementor-element elementor-element-fa10817 elementor-widget-divider--view-line elementor-widget elementor-widget-divider\" data-id=\"fa10817\" data-element_type=\"widget\" data-widget_type=\"divider.default\">\n\t\t\t\t<div class=\"elementor-widget-container\">\n\t\t\t\t\t\t\t<div class=\"elementor-divider\">\n\t\t\t<span class=\"elementor-divider-separator\">\n\t\t\t\t\t\t<\/span>\n\t\t<\/div>\n\t\t\t\t\t\t<\/div>\n\t\t\t\t<\/div>\n\t\t\t\t\t<\/div>\n\t\t<\/div>\n\t\t\t\t<div class=\"elementor-column elementor-col-33 elementor-top-column elementor-element elementor-element-9bb6199\" data-id=\"9bb6199\" data-element_type=\"column\">\n\t\t\t<div class=\"elementor-widget-wrap elementor-element-populated\">\n\t\t\t\t\t\t<div class=\"elementor-element elementor-element-1ddcb0f elementor-widget elementor-widget-image\" data-id=\"1ddcb0f\" data-element_type=\"widget\" data-widget_type=\"image.default\">\n\t\t\t\t<div class=\"elementor-widget-container\">\n\t\t\t\t\t\t\t\t\t\t\t\t\t\t\t<img fetchpriority=\"high\" decoding=\"async\" width=\"800\" height=\"320\" src=\"https:\/\/elarfero.be\/wp-content\/uploads\/2022\/12\/El-Arfero-New-Logo.png\" class=\"attachment-large size-large wp-image-192\" alt=\"Logo El Arfero Real Estate\" srcset=\"https:\/\/elarfero.be\/wp-content\/uploads\/2022\/12\/El-Arfero-New-Logo.png 1004w, https:\/\/elarfero.be\/wp-content\/uploads\/2022\/12\/El-Arfero-New-Logo-300x120.png 300w, https:\/\/elarfero.be\/wp-content\/uploads\/2022\/12\/El-Arfero-New-Logo-768x308.png 768w\" sizes=\"(max-width: 800px) 100vw, 800px\" title=\"\">\t\t\t\t\t\t\t\t\t\t\t\t\t\t\t<\/div>\n\t\t\t\t<\/div>\n\t\t\t\t\t<\/div>\n\t\t<\/div>\n\t\t\t\t<div class=\"elementor-column elementor-col-33 elementor-top-column elementor-element elementor-element-fb58a8f\" data-id=\"fb58a8f\" data-element_type=\"column\" data-settings=\"{&quot;background_background&quot;:&quot;classic&quot;}\">\n\t\t\t<div class=\"elementor-widget-wrap elementor-element-populated\">\n\t\t\t\t\t\t<div class=\"elementor-element elementor-element-3f543bb elementor-widget-divider--view-line elementor-widget elementor-widget-divider\" data-id=\"3f543bb\" data-element_type=\"widget\" data-widget_type=\"divider.default\">\n\t\t\t\t<div class=\"elementor-widget-container\">\n\t\t\t\t\t\t\t<div class=\"elementor-divider\">\n\t\t\t<span class=\"elementor-divider-separator\">\n\t\t\t\t\t\t<\/span>\n\t\t<\/div>\n\t\t\t\t\t\t<\/div>\n\t\t\t\t<\/div>\n\t\t\t\t\t<\/div>\n\t\t<\/div>\n\t\t\t\t\t<\/div>\n\t\t<\/section>\n\t\t\t\t<section class=\"elementor-section elementor-top-section elementor-element elementor-element-40e2ed3 elementor-section-boxed elementor-section-height-default elementor-section-height-default\" data-id=\"40e2ed3\" data-element_type=\"section\" data-settings=\"{&quot;jet_parallax_layout_list&quot;:[]}\">\n\t\t\t\t\t\t<div class=\"elementor-container elementor-column-gap-default\">\n\t\t\t\t\t<div class=\"elementor-column elementor-col-100 elementor-top-column elementor-element elementor-element-0667bd4\" data-id=\"0667bd4\" data-element_type=\"column\">\n\t\t\t<div class=\"elementor-widget-wrap elementor-element-populated\">\n\t\t\t\t\t\t<div class=\"elementor-element elementor-element-a1c4b1c elementor-widget elementor-widget-text-editor\" data-id=\"a1c4b1c\" data-element_type=\"widget\" data-widget_type=\"text-editor.default\">\n\t\t\t\t<div class=\"elementor-widget-container\">\n\t\t\t\t\t\t\t\t\t<p><strong>Rechtliche Hinweise:<\/strong><br>In \u00dcbereinstimmung mit Artikel 10 des Gesetzes 34\/2002 \u00fcber Dienste der Informationsgesellschaft und den elektronischen Gesch\u00e4ftsverkehr informieren wir den Nutzer \u00fcber unsere Daten:<\/p><p><strong>Bezeichnung:<\/strong> EL Arfero Alicante S.L Eingetragene Adresse: Av. de las Naciones 79, Algorfa, Alicante CIF \/ NIF: B09954751 Telefon: +32 479 48 81 91<br>E-Mail :info@elarfero.be Registrierungsdaten: Website: elarfero.be <\/p><p><strong>Gegenstand<\/strong><br>Der f\u00fcr die Website verantwortliche Anbieter stellt dieses Dokument den Nutzern zur Verf\u00fcgung, um den Verpflichtungen des Gesetzes 34\/2002 \u00fcber Dienste der Informationsgesellschaft und des elektronischen Handels (LSSI-CE) nachzukommen und alle Nutzer der Website \u00fcber die Nutzungsbedingungen der Website zu informieren.<\/p><p>Jede Person, die diese Website besucht, \u00fcbernimmt die Rolle eines Nutzers und verpflichtet sich zur Einhaltung und strikten Befolgung der Bestimmungen in diesem Dokument sowie aller anderen geltenden gesetzlichen Bestimmungen.<\/p><p>Der Anbieter beh\u00e4lt sich das Recht vor, alle Arten von Informationen, die auf der Website enthalten sein k\u00f6nnen, zu \u00e4ndern, ohne dass eine Verpflichtung besteht, die Nutzer vorher dar\u00fcber zu informieren oder zu benachrichtigen, wobei die Ver\u00f6ffentlichung auf der Website des Anbieters als ausreichend angesehen wird.<\/p><p><strong>Haftung<\/strong><br>Der Anbieter lehnt jede Haftung f\u00fcr die auf seiner Website ver\u00f6ffentlichten Informationen ab, sofern diese Informationen von einem externen Dritten manipuliert oder eingegeben wurden.<\/p><p>Die Website des Anbieters kann Cookies (kleine Informationsdateien, die der Server an den Computer der Person sendet, die die Seite besucht) verwenden, um bestimmte Funktionen auszuf\u00fchren, die f\u00fcr das ordnungsgem\u00e4\u00dfe Funktionieren und die Darstellung der Website als unerl\u00e4sslich angesehen werden. Die auf der Website verwendeten Cookies sind in jedem Fall tempor\u00e4rer Natur, dienen ausschlie\u00dflich der effizienteren sp\u00e4teren \u00dcbertragung und verschwinden, wenn die Sitzung des Benutzers endet. In keinem Fall werden Cookies zum Sammeln pers\u00f6nlicher Informationen verwendet.  <\/p><p>Von der Website des Kunden aus k\u00f6nnen Sie zu Inhalten auf Websites Dritter weitergeleitet werden. Da der Anbieter die von Dritten auf deren Websites eingestellten Inhalte nicht immer kontrollieren kann, \u00fcbernimmt der Anbieter keine Verantwortung f\u00fcr solche Inhalte. In jedem Fall erkl\u00e4rt der Anbieter, dass er alle Inhalte, die gegen nationale oder internationale Gesetze, die guten Sitten oder die \u00f6ffentliche Ordnung versto\u00dfen k\u00f6nnten, unverz\u00fcglich entfernen wird, wobei er den Verweis auf die betreffende Website unverz\u00fcglich zur\u00fcckziehen und die zust\u00e4ndigen Beh\u00f6rden \u00fcber die betreffenden Inhalte informieren wird.  <\/p><p>Der Anbieter ist nicht verantwortlich f\u00fcr die gespeicherten Informationen und Inhalte, einschlie\u00dflich, aber nicht beschr\u00e4nkt auf Foren, Chats, Bloggeneratoren, Kommentare, soziale Netzwerke oder andere Medien, die es Dritten erm\u00f6glichen, selbstst\u00e4ndig Inhalte auf der Website des Anbieters zu ver\u00f6ffentlichen. In \u00dcbereinstimmung mit den Bestimmungen der Artikel 11 und 16 der LSSI-CE steht der Anbieter jedoch allen Nutzern, Beh\u00f6rden und Sicherheitsdiensten zur Verf\u00fcgung und arbeitet aktiv an der Entfernung oder Sperrung aller Inhalte mit, die gegen nationale oder internationale Gesetze, die Rechte Dritter oder die guten Sitten und die \u00f6ffentliche Ordnung versto\u00dfen oder diese verletzen k\u00f6nnten. Falls der Nutzer der Meinung ist, dass Inhalte auf der Website vorhanden sind, die unter diese Klassifizierung fallen, muss er den Betreiber der Website unverz\u00fcglich dar\u00fcber informieren.  <\/p><p>Diese Website wurde auf ihre korrekte Funktion \u00fcberpr\u00fcft und getestet. Grunds\u00e4tzlich kann eine einwandfreie Funktion 365 Tage im Jahr, 24 Stunden am Tag garantiert werden. Der Anbieter schlie\u00dft jedoch das Vorliegen bestimmter Programmierfehler oder das Auftreten von h\u00f6herer Gewalt, Naturkatastrophen, Streiks oder \u00e4hnlichen Umst\u00e4nden, die den Zugriff auf die Website unm\u00f6glich machen, nicht aus.  <\/p><p><strong>Geistiges und gewerbliches Eigentum<\/strong><br>Die Website, einschlie\u00dflich, aber nicht beschr\u00e4nkt auf die Programmierung, Redaktion, Zusammenstellung und andere f\u00fcr ihren Betrieb erforderliche Elemente, die Designs, Logos, Texte und\/oder Bilder sind Eigentum des Anbieters oder, falls zutreffend, verf\u00fcgt dieser \u00fcber eine Lizenz oder ausdr\u00fcckliche Genehmigung der Urheber. Alle Inhalte der Website sind durch die Vorschriften zum geistigen und gewerblichen Eigentum ordnungsgem\u00e4\u00df gesch\u00fctzt und in den entsprechenden \u00f6ffentlichen Registern eingetragen. <\/p><p>Unabh\u00e4ngig vom Verwendungszweck ist f\u00fcr die vollst\u00e4ndige oder teilweise Vervielf\u00e4ltigung, Nutzung, Verwertung, Verbreitung und Vermarktung in jedem Fall die vorherige schriftliche Zustimmung des Anbieters erforderlich. Jede Nutzung, die nicht zuvor vom Anbieter genehmigt wurde, gilt als schwerwiegende Verletzung der geistigen oder gewerblichen Eigentumsrechte des Urhebers. <\/p><p>Die Designs, Logos, Texte und\/oder Bilder, die nicht zum Anbieter geh\u00f6ren und auf der Website erscheinen k\u00f6nnen, geh\u00f6ren ihren jeweiligen Eigent\u00fcmern, die selbst f\u00fcr m\u00f6gliche Kontroversen, die diesbez\u00fcglich entstehen k\u00f6nnen, verantwortlich sind. In jedem Fall verf\u00fcgt der Anbieter \u00fcber die ausdr\u00fcckliche vorherige Zustimmung der Eigent\u00fcmer. <\/p><p>Der Anbieter gestattet Dritten ausdr\u00fccklich NICHT, direkt auf bestimmte Inhalte der Website zu verweisen, sondern muss in jedem Fall auf die Hauptwebsite des Anbieters verweisen.<\/p><p>Der Anbieter erkennt die entsprechenden gewerblichen und geistigen Eigentumsrechte zugunsten ihrer Eigent\u00fcmer an, und ihre blo\u00dfe Erw\u00e4hnung oder Darstellung auf der Website impliziert weder das Bestehen von Rechten oder Haftungen des Anbieters in Bezug auf dieselben noch eine Billigung, F\u00f6rderung oder Empfehlung derselben seitens des Anbieters.<\/p><p>Wenn Sie Anmerkungen zu m\u00f6glichen Verletzungen von geistigen oder gewerblichen Eigentumsrechten und zum Inhalt der Website machen m\u00f6chten, k\u00f6nnen Sie dies \u00fcber die folgende E-Mail-Adresse tun.<\/p><p><strong>Anwendbares Recht und Gerichtsbarkeit<\/strong><br>F\u00fcr die Beilegung aller Streitigkeiten oder Fragen im Zusammenhang mit dieser Website oder den darauf durchgef\u00fchrten Aktivit\u00e4ten gilt spanisches Recht, dem sich die Parteien ausdr\u00fccklich unterwerfen, und die Gerichte von Torrevieja sind f\u00fcr die Beilegung aller Streitigkeiten zust\u00e4ndig, die sich aus der Nutzung dieser Website ergeben oder damit in Zusammenhang stehen.<\/p>\t\t\t\t\t\t\t\t<\/div>\n\t\t\t\t<\/div>\n\t\t\t\t\t<\/div>\n\t\t<\/div>\n\t\t\t\t\t<\/div>\n\t\t<\/section>\n\t\t\t\t<\/div>\n\t\t","protected":false},"excerpt":{"rendered":"<p>Allgemeine Gesch\u00e4ftsbedingungen Rechtliche Hinweise:In \u00dcbereinstimmung mit Artikel 10 des Gesetzes 34\/2002 \u00fcber Dienste der Informationsgesellschaft und den elektronischen Gesch\u00e4ftsverkehr informieren wir den Nutzer \u00fcber unsere Daten: Bezeichnung: EL Arfero Alicante S.L Eingetragene Adresse: Av. de las Naciones 79, Algorfa, Alicante CIF \/ NIF: B09954751 Telefon: +32 479 48 81 91E-Mail :info@elarfero.be Registrierungsdaten: Website: elarfero.be GegenstandDer [&hellip;]<\/p>\n","protected":false},"author":2,"featured_media":0,"parent":0,"menu_order":0,"comment_status":"closed","ping_status":"closed","template":"","meta":{"_acf_changed":false,"footnotes":""},"class_list":["post-17643","page","type-page","status-publish","hentry"],"acf":[],"_links":{"self":[{"href":"https:\/\/elarfero.be\/de\/wp-json\/wp\/v2\/pages\/17643","targetHints":{"allow":["GET"]}}],"collection":[{"href":"https:\/\/elarfero.be\/de\/wp-json\/wp\/v2\/pages"}],"about":[{"href":"https:\/\/elarfero.be\/de\/wp-json\/wp\/v2\/types\/page"}],"author":[{"embeddable":true,"href":"https:\/\/elarfero.be\/de\/wp-json\/wp\/v2\/users\/2"}],"replies":[{"embeddable":true,"href":"https:\/\/elarfero.be\/de\/wp-json\/wp\/v2\/comments?post=17643"}],"version-history":[{"count":1,"href":"https:\/\/elarfero.be\/de\/wp-json\/wp\/v2\/pages\/17643\/revisions"}],"predecessor-version":[{"id":17644,"href":"https:\/\/elarfero.be\/de\/wp-json\/wp\/v2\/pages\/17643\/revisions\/17644"}],"wp:attachment":[{"href":"https:\/\/elarfero.be\/de\/wp-json\/wp\/v2\/media?parent=17643"}],"curies":[{"name":"wp","href":"https:\/\/api.w.org\/{rel}","templated":true}]}}