{"id":8947,"date":"2022-12-29T12:39:07","date_gmt":"2022-12-29T11:39:07","guid":{"rendered":"https:\/\/elarfero.be\/costa-blanca-norte\/"},"modified":"2023-11-16T11:57:45","modified_gmt":"2023-11-16T10:57:45","slug":"costa-blanca-norte","status":"publish","type":"page","link":"https:\/\/elarfero.be\/es\/regiones\/costa-blanca-norte\/","title":{"rendered":"Costa Blanca Norte"},"content":{"rendered":"\t\t<div data-elementor-type=\"wp-page\" data-elementor-id=\"8947\" class=\"elementor elementor-8947 elementor-1970\" data-elementor-post-type=\"page\">\n\t\t\t\t\t\t<section class=\"elementor-section elementor-top-section elementor-element elementor-element-a8dd0ec elementor-section-height-min-height elementor-section-boxed elementor-section-height-default elementor-section-items-middle\" data-id=\"a8dd0ec\" data-element_type=\"section\" data-settings=\"{&quot;jet_parallax_layout_list&quot;:[],&quot;background_background&quot;:&quot;classic&quot;}\">\n\t\t\t\t\t\t\t<div class=\"elementor-background-overlay\"><\/div>\n\t\t\t\t\t\t\t<div class=\"elementor-container elementor-column-gap-default\">\n\t\t\t\t\t<div class=\"elementor-column elementor-col-100 elementor-top-column elementor-element elementor-element-49890fa\" data-id=\"49890fa\" data-element_type=\"column\">\n\t\t\t<div class=\"elementor-widget-wrap\">\n\t\t\t\t\t\t\t<\/div>\n\t\t<\/div>\n\t\t\t\t\t<\/div>\n\t\t<\/section>\n\t\t\t\t<section class=\"elementor-section elementor-top-section elementor-element elementor-element-b02243f elementor-section-boxed elementor-section-height-default elementor-section-height-default\" data-id=\"b02243f\" data-element_type=\"section\" data-settings=\"{&quot;jet_parallax_layout_list&quot;:[]}\">\n\t\t\t\t\t\t<div class=\"elementor-container elementor-column-gap-default\">\n\t\t\t\t\t<div class=\"elementor-column elementor-col-100 elementor-top-column elementor-element elementor-element-170b814\" data-id=\"170b814\" data-element_type=\"column\" data-settings=\"{&quot;background_background&quot;:&quot;classic&quot;}\">\n\t\t\t<div class=\"elementor-widget-wrap elementor-element-populated\">\n\t\t\t\t\t\t<div class=\"elementor-element elementor-element-af89981 prue elementor-widget elementor-widget-heading\" data-id=\"af89981\" data-element_type=\"widget\" data-widget_type=\"heading.default\">\n\t\t\t\t<div class=\"elementor-widget-container\">\n\t\t\t\t\t<h2 class=\"elementor-heading-title elementor-size-default\"> Descubra la bella Espa\u00f1a<\/h2>\t\t\t\t<\/div>\n\t\t\t\t<\/div>\n\t\t\t\t<div class=\"elementor-element elementor-element-26f7db3 prue elementor-widget elementor-widget-heading\" data-id=\"26f7db3\" data-element_type=\"widget\" data-widget_type=\"heading.default\">\n\t\t\t\t<div class=\"elementor-widget-container\">\n\t\t\t\t\t<h1 class=\"elementor-heading-title elementor-size-default\">Costa Blanca Norte<\/h1>\t\t\t\t<\/div>\n\t\t\t\t<\/div>\n\t\t\t\t<div class=\"elementor-element elementor-element-570e9fe elementor-widget__width-auto elementor-widget elementor-widget-shortcode\" data-id=\"570e9fe\" data-element_type=\"widget\" data-widget_type=\"shortcode.default\">\n\t\t\t\t<div class=\"elementor-widget-container\">\n\t\t\t\t\t\t\t<div class=\"elementor-shortcode\"><nav aria-label=\"breadcrumbs\" class=\"rank-math-breadcrumb\"><p><span class=\"last\">Home<\/span><\/p><\/nav><\/div>\n\t\t\t\t\t\t<\/div>\n\t\t\t\t<\/div>\n\t\t\t\t\t<\/div>\n\t\t<\/div>\n\t\t\t\t\t<\/div>\n\t\t<\/section>\n\t\t\t\t<section class=\"elementor-section elementor-top-section elementor-element elementor-element-7fd2eaa elementor-section-boxed elementor-section-height-default elementor-section-height-default\" data-id=\"7fd2eaa\" data-element_type=\"section\" data-settings=\"{&quot;jet_parallax_layout_list&quot;:[],&quot;background_background&quot;:&quot;classic&quot;}\">\n\t\t\t\t\t\t<div class=\"elementor-container elementor-column-gap-wider\">\n\t\t\t\t\t<div class=\"elementor-column elementor-col-50 elementor-top-column elementor-element elementor-element-1d53fad\" data-id=\"1d53fad\" data-element_type=\"column\">\n\t\t\t<div class=\"elementor-widget-wrap elementor-element-populated\">\n\t\t\t\t\t\t<div class=\"elementor-element elementor-element-f5281f2 elementor-widget elementor-widget-text-editor\" data-id=\"f5281f2\" data-element_type=\"widget\" data-widget_type=\"text-editor.default\">\n\t\t\t\t<div class=\"elementor-widget-container\">\n\t\t\t\t\t\t\t\t\t<p><span style=\"font-weight: 400;\">Desde Denia hasta Alicante, es posible disfrutar de un pintoresco paisaje de monta\u00f1as y valles con vistas a una costa impresionante. <\/span><\/p>\n<p><span style=\"font-weight: 400;\">La Costa Blanca Norte es una zona muy popular de Espa\u00f1a por su buen tiempo, sus fant\u00e1sticas bah\u00edas y sus monta\u00f1as. La Costa Blanca Norte tambi\u00e9n est\u00e1 considerada uno de los lugares m\u00e1s saludables del mundo para vivir, seg\u00fan la Organizaci\u00f3n Mundial de la Salud. Esta es una de las razones por las que atrae tanto a los propietarios de segundas viviendas de toda Europa. Brit\u00e1nicos, holandeses y alemanes tienen una larga historia de amor con esta zona que se extiende desde Denia, al norte, hasta Alicante, al sur. <\/span><\/p>\n<p><span style=\"font-weight: 400;\">En los \u00faltimos a\u00f1os, m\u00e1s nacionalidades est\u00e1n conociendo la regi\u00f3n. Tambi\u00e9n es un gran destino que cuenta con un mont\u00f3n de encantadores pueblos pesqueros tradicionales y reservas naturales. Una regi\u00f3n \u00fanica y llena de car\u00e1cter con bellos paisajes de naranjos y almendros, hermosas playas junto a impresionantes acantilados. <\/span><\/p>\n<p><span style=\"font-weight: 400;\">Localidades con encanto como Benidorm, Finestrat, Calpe, Altea, Denia y muchas m\u00e1s, tienen una combinaci\u00f3n perfecta de mar y monta\u00f1a, ideal para pasar unas agradables vacaciones. La parte situada justo encima de Alicante, con Benidorm a la cabeza, ofrece numerosas actividades de ocio, deportivas y acu\u00e1ticas, una gran variedad de comunidades y clubes a los que unirse, una gran variedad de mercados tradicionales y tambi\u00e9n una animada vida nocturna. Algunas localidades (costeras) muy conocidas de la Costa Blanca Norte son: Benidorm, Altea, Calpe y El Campello.<\/span><\/p>\n<p><strong>EL ARFERO cuenta con una amplia cartera de propiedades en la Costa Blanca Norte.<\/strong><\/p>\n\t\t\t\t\t\t\t\t<\/div>\n\t\t\t\t<\/div>\n\t\t\t\t\t<\/div>\n\t\t<\/div>\n\t\t\t\t<div class=\"elementor-column elementor-col-50 elementor-top-column elementor-element elementor-element-f3c6f43\" data-id=\"f3c6f43\" data-element_type=\"column\">\n\t\t\t<div class=\"elementor-widget-wrap elementor-element-populated\">\n\t\t\t\t\t\t<div class=\"elementor-element elementor-element-f0a9b9e elementor-widget elementor-widget-image\" data-id=\"f0a9b9e\" data-element_type=\"widget\" data-widget_type=\"image.default\">\n\t\t\t\t<div class=\"elementor-widget-container\">\n\t\t\t\t\t\t\t\t\t\t\t\t\t\t\t<img fetchpriority=\"high\" decoding=\"async\" width=\"1920\" height=\"2560\" src=\"https:\/\/elarfero.be\/wp-content\/uploads\/2023\/01\/pexels-stefanie-baeskau-10750986-scaled.jpg\" class=\"attachment-full size-full wp-image-8440\" alt=\"\" srcset=\"https:\/\/elarfero.be\/wp-content\/uploads\/2023\/01\/pexels-stefanie-baeskau-10750986-scaled.jpg 1920w, https:\/\/elarfero.be\/wp-content\/uploads\/2023\/01\/pexels-stefanie-baeskau-10750986-225x300.jpg 225w, https:\/\/elarfero.be\/wp-content\/uploads\/2023\/01\/pexels-stefanie-baeskau-10750986-768x1024.jpg 768w, https:\/\/elarfero.be\/wp-content\/uploads\/2023\/01\/pexels-stefanie-baeskau-10750986-1152x1536.jpg 1152w, https:\/\/elarfero.be\/wp-content\/uploads\/2023\/01\/pexels-stefanie-baeskau-10750986-1536x2048.jpg 1536w\" sizes=\"(max-width: 1920px) 100vw, 1920px\" title=\"\">\t\t\t\t\t\t\t\t\t\t\t\t\t\t\t<\/div>\n\t\t\t\t<\/div>\n\t\t\t\t\t<\/div>\n\t\t<\/div>\n\t\t\t\t\t<\/div>\n\t\t<\/section>\n\t\t\t\t<section class=\"elementor-section elementor-top-section elementor-element elementor-element-1e4b5cd elementor-section-boxed elementor-section-height-default elementor-section-height-default\" data-id=\"1e4b5cd\" data-element_type=\"section\" data-settings=\"{&quot;jet_parallax_layout_list&quot;:[],&quot;background_background&quot;:&quot;classic&quot;}\">\n\t\t\t\t\t\t<div class=\"elementor-container elementor-column-gap-default\">\n\t\t\t\t\t<div class=\"elementor-column elementor-col-100 elementor-top-column elementor-element elementor-element-ac42f86\" data-id=\"ac42f86\" data-element_type=\"column\">\n\t\t\t<div class=\"elementor-widget-wrap\">\n\t\t\t\t\t\t\t<\/div>\n\t\t<\/div>\n\t\t\t\t\t<\/div>\n\t\t<\/section>\n\t\t\t\t<\/div>\n\t\t","protected":false},"excerpt":{"rendered":"<p>Descubra la bella Espa\u00f1a Costa Blanca Norte Desde Denia hasta Alicante, es posible disfrutar de un pintoresco paisaje de monta\u00f1as y valles con vistas a una costa impresionante. La Costa Blanca Norte es una zona muy popular de Espa\u00f1a por su buen tiempo, sus fant\u00e1sticas bah\u00edas y sus monta\u00f1as. La Costa Blanca Norte tambi\u00e9n est\u00e1 [&hellip;]<\/p>\n","protected":false},"author":2,"featured_media":0,"parent":8965,"menu_order":0,"comment_status":"closed","ping_status":"closed","template":"elementor_header_footer","meta":{"_acf_changed":false,"footnotes":""},"class_list":["post-8947","page","type-page","status-publish","hentry"],"acf":[],"_links":{"self":[{"href":"https:\/\/elarfero.be\/es\/wp-json\/wp\/v2\/pages\/8947","targetHints":{"allow":["GET"]}}],"collection":[{"href":"https:\/\/elarfero.be\/es\/wp-json\/wp\/v2\/pages"}],"about":[{"href":"https:\/\/elarfero.be\/es\/wp-json\/wp\/v2\/types\/page"}],"author":[{"embeddable":true,"href":"https:\/\/elarfero.be\/es\/wp-json\/wp\/v2\/users\/2"}],"replies":[{"embeddable":true,"href":"https:\/\/elarfero.be\/es\/wp-json\/wp\/v2\/comments?post=8947"}],"version-history":[{"count":0,"href":"https:\/\/elarfero.be\/es\/wp-json\/wp\/v2\/pages\/8947\/revisions"}],"up":[{"embeddable":true,"href":"https:\/\/elarfero.be\/es\/wp-json\/wp\/v2\/pages\/8965"}],"wp:attachment":[{"href":"https:\/\/elarfero.be\/es\/wp-json\/wp\/v2\/media?parent=8947"}],"curies":[{"name":"wp","href":"https:\/\/api.w.org\/{rel}","templated":true}]}}