{"id":8951,"date":"2022-12-29T12:41:37","date_gmt":"2022-12-29T11:41:37","guid":{"rendered":"https:\/\/elarfero.be\/costa-calida\/"},"modified":"2023-11-16T12:01:34","modified_gmt":"2023-11-16T11:01:34","slug":"costa-calida","status":"publish","type":"page","link":"https:\/\/elarfero.be\/es\/regiones\/costa-calida\/","title":{"rendered":"Costa Calida"},"content":{"rendered":"\t\t<div data-elementor-type=\"wp-page\" data-elementor-id=\"8951\" class=\"elementor elementor-8951 elementor-1976\" data-elementor-post-type=\"page\">\n\t\t\t\t\t\t<section class=\"elementor-section elementor-top-section elementor-element elementor-element-ca1c938 elementor-section-height-min-height elementor-section-boxed elementor-section-height-default elementor-section-items-middle\" data-id=\"ca1c938\" data-element_type=\"section\" data-e-type=\"section\" data-settings=\"{&quot;jet_parallax_layout_list&quot;:[],&quot;background_background&quot;:&quot;classic&quot;}\">\n\t\t\t\t\t\t\t<div class=\"elementor-background-overlay\"><\/div>\n\t\t\t\t\t\t\t<div class=\"elementor-container elementor-column-gap-default\">\n\t\t\t\t\t<div class=\"elementor-column elementor-col-100 elementor-top-column elementor-element elementor-element-aabb1c3\" data-id=\"aabb1c3\" data-element_type=\"column\" data-e-type=\"column\">\n\t\t\t<div class=\"elementor-widget-wrap\">\n\t\t\t\t\t\t\t<\/div>\n\t\t<\/div>\n\t\t\t\t\t<\/div>\n\t\t<\/section>\n\t\t\t\t<section class=\"elementor-section elementor-top-section elementor-element elementor-element-979746d elementor-section-boxed elementor-section-height-default elementor-section-height-default\" data-id=\"979746d\" data-element_type=\"section\" data-e-type=\"section\" data-settings=\"{&quot;jet_parallax_layout_list&quot;:[]}\">\n\t\t\t\t\t\t<div class=\"elementor-container elementor-column-gap-default\">\n\t\t\t\t\t<div class=\"elementor-column elementor-col-100 elementor-top-column elementor-element elementor-element-b74e6ae\" data-id=\"b74e6ae\" data-element_type=\"column\" data-e-type=\"column\" data-settings=\"{&quot;background_background&quot;:&quot;classic&quot;}\">\n\t\t\t<div class=\"elementor-widget-wrap elementor-element-populated\">\n\t\t\t\t\t\t<div class=\"elementor-element elementor-element-dc6107f prue elementor-widget elementor-widget-heading\" data-id=\"dc6107f\" data-element_type=\"widget\" data-e-type=\"widget\" data-widget_type=\"heading.default\">\n\t\t\t\t<div class=\"elementor-widget-container\">\n\t\t\t\t\t<h2 class=\"elementor-heading-title elementor-size-default\"> Descubra la bella Espa\u00f1a<\/h2>\t\t\t\t<\/div>\n\t\t\t\t<\/div>\n\t\t\t\t<div class=\"elementor-element elementor-element-5ddf746 prue elementor-widget elementor-widget-heading\" data-id=\"5ddf746\" data-element_type=\"widget\" data-e-type=\"widget\" data-widget_type=\"heading.default\">\n\t\t\t\t<div class=\"elementor-widget-container\">\n\t\t\t\t\t<h1 class=\"elementor-heading-title elementor-size-default\">Costa Calida<\/h1>\t\t\t\t<\/div>\n\t\t\t\t<\/div>\n\t\t\t\t<div class=\"elementor-element elementor-element-12af79b elementor-widget__width-auto elementor-widget elementor-widget-shortcode\" data-id=\"12af79b\" data-element_type=\"widget\" data-e-type=\"widget\" data-widget_type=\"shortcode.default\">\n\t\t\t\t<div class=\"elementor-widget-container\">\n\t\t\t\t\t\t\t<div class=\"elementor-shortcode\"><nav aria-label=\"breadcrumbs\" class=\"rank-math-breadcrumb\"><p><span class=\"last\">Home<\/span><\/p><\/nav><\/div>\n\t\t\t\t\t\t<\/div>\n\t\t\t\t<\/div>\n\t\t\t\t\t<\/div>\n\t\t<\/div>\n\t\t\t\t\t<\/div>\n\t\t<\/section>\n\t\t\t\t<section class=\"elementor-section elementor-top-section elementor-element elementor-element-f824f1f elementor-section-boxed elementor-section-height-default elementor-section-height-default\" data-id=\"f824f1f\" data-element_type=\"section\" data-e-type=\"section\" data-settings=\"{&quot;jet_parallax_layout_list&quot;:[],&quot;background_background&quot;:&quot;classic&quot;}\">\n\t\t\t\t\t\t<div class=\"elementor-container elementor-column-gap-default\">\n\t\t\t\t\t<div class=\"elementor-column elementor-col-50 elementor-top-column elementor-element elementor-element-67f74d8\" data-id=\"67f74d8\" data-element_type=\"column\" data-e-type=\"column\">\n\t\t\t<div class=\"elementor-widget-wrap elementor-element-populated\">\n\t\t\t\t\t\t<div class=\"elementor-element elementor-element-905f101 elementor-widget elementor-widget-text-editor\" data-id=\"905f101\" data-element_type=\"widget\" data-e-type=\"widget\" data-widget_type=\"text-editor.default\">\n\t\t\t\t<div class=\"elementor-widget-container\">\n\t\t\t\t\t\t\t\t\t<p><span style=\"font-weight: 400;\">La Costa C\u00e1lida se extiende desde la pedan\u00eda de El Moj\u00f3n, al norte, en el l\u00edmite con la provincia de Alicante, hasta el municipio de \u00c1guilas, al sur, que limita con la provincia de Almer\u00eda. <\/span><\/p>\n<p><span style=\"font-weight: 400;\">La costa se caracteriza por una sucesi\u00f3n de acantilados, bah\u00edas, playas de arena y calas resguardadas. Es, en general, una costa \u00e1rida y accidentada. La riqueza natural de las aguas es notable en Cabo de Palos, donde existe una importante reserva natural. Tambi\u00e9n hay varios espacios naturales protegidos como las salinas y dunas de San Pedro del Pinatar, Calblanque, Monte de las Cenizas y Pe\u00f1a del \u00c1guila, Sierra de la Muela, Cabo Ti\u00f1oso y Rold\u00e1n, el parque regional de Cabo Cope y Puntas de Calnegre y el paisaje protegido de las Cuatro Calas. <\/span><\/p>\n<p><span style=\"font-weight: 400;\">El extremo norte de esta costa incluye el Mar Menor, una laguna de agua salada que, con unos 170 km\u00b2, es la mayor de Europa. El Mar Menor est\u00e1 separado del Mediterr\u00e1neo por una franja de arena de 22 km llamada La Manga, donde se ha construido la mayor parte del desarrollo tur\u00edstico de la regi\u00f3n. Cartagena y \u00c1guilas son las dos ciudades costeras m\u00e1s grandes e importantes de la regi\u00f3n. Algunas localidades costeras muy conocidas de la Costa C\u00e1lida son: San Pedro del Pinatar, Los Alc\u00e1zares, Cartagena, Mazarr\u00f3n y \u00c1guilas.<\/span><\/p>\n<p><b>EL ARFERO cuenta con una amplia cartera de propiedades en la Costa C\u00e1lida.<\/b><\/p>\n\t\t\t\t\t\t\t\t<\/div>\n\t\t\t\t<\/div>\n\t\t\t\t\t<\/div>\n\t\t<\/div>\n\t\t\t\t<div class=\"elementor-column elementor-col-50 elementor-top-column elementor-element elementor-element-e9450e3\" data-id=\"e9450e3\" data-element_type=\"column\" data-e-type=\"column\">\n\t\t\t<div class=\"elementor-widget-wrap elementor-element-populated\">\n\t\t\t\t\t\t<div class=\"elementor-element elementor-element-8775edf elementor-widget elementor-widget-image\" data-id=\"8775edf\" data-element_type=\"widget\" data-e-type=\"widget\" data-widget_type=\"image.default\">\n\t\t\t\t<div class=\"elementor-widget-container\">\n\t\t\t\t\t\t\t\t\t\t\t\t\t\t\t<img fetchpriority=\"high\" decoding=\"async\" width=\"400\" height=\"600\" src=\"https:\/\/elarfero.be\/wp-content\/uploads\/2023\/01\/jamon_usa_001.png\" class=\"attachment-large size-large wp-image-8467\" alt=\"\" srcset=\"https:\/\/elarfero.be\/wp-content\/uploads\/2023\/01\/jamon_usa_001.png 400w, https:\/\/elarfero.be\/wp-content\/uploads\/2023\/01\/jamon_usa_001-200x300.png 200w\" sizes=\"(max-width: 400px) 100vw, 400px\" title=\"\">\t\t\t\t\t\t\t\t\t\t\t\t\t\t\t<\/div>\n\t\t\t\t<\/div>\n\t\t\t\t\t<\/div>\n\t\t<\/div>\n\t\t\t\t\t<\/div>\n\t\t<\/section>\n\t\t\t\t<section class=\"elementor-section elementor-top-section elementor-element elementor-element-12481a2 elementor-section-boxed elementor-section-height-default elementor-section-height-default\" data-id=\"12481a2\" data-element_type=\"section\" data-e-type=\"section\" data-settings=\"{&quot;jet_parallax_layout_list&quot;:[],&quot;background_background&quot;:&quot;classic&quot;}\">\n\t\t\t\t\t\t<div class=\"elementor-container elementor-column-gap-default\">\n\t\t\t\t\t<div class=\"elementor-column elementor-col-100 elementor-top-column elementor-element elementor-element-5004134\" data-id=\"5004134\" data-element_type=\"column\" data-e-type=\"column\">\n\t\t\t<div class=\"elementor-widget-wrap\">\n\t\t\t\t\t\t\t<\/div>\n\t\t<\/div>\n\t\t\t\t\t<\/div>\n\t\t<\/section>\n\t\t\t\t<\/div>\n\t\t","protected":false},"excerpt":{"rendered":"<p>Descubra la bella Espa\u00f1a Costa Calida La Costa C\u00e1lida se extiende desde la pedan\u00eda de El Moj\u00f3n, al norte, en el l\u00edmite con la provincia de Alicante, hasta el municipio de \u00c1guilas, al sur, que limita con la provincia de Almer\u00eda. La costa se caracteriza por una sucesi\u00f3n de acantilados, bah\u00edas, playas de arena y [&hellip;]<\/p>\n","protected":false},"author":2,"featured_media":0,"parent":8965,"menu_order":0,"comment_status":"closed","ping_status":"closed","template":"elementor_header_footer","meta":{"_acf_changed":false,"footnotes":""},"class_list":["post-8951","page","type-page","status-publish","hentry"],"acf":[],"_links":{"self":[{"href":"https:\/\/elarfero.be\/es\/wp-json\/wp\/v2\/pages\/8951","targetHints":{"allow":["GET"]}}],"collection":[{"href":"https:\/\/elarfero.be\/es\/wp-json\/wp\/v2\/pages"}],"about":[{"href":"https:\/\/elarfero.be\/es\/wp-json\/wp\/v2\/types\/page"}],"author":[{"embeddable":true,"href":"https:\/\/elarfero.be\/es\/wp-json\/wp\/v2\/users\/2"}],"replies":[{"embeddable":true,"href":"https:\/\/elarfero.be\/es\/wp-json\/wp\/v2\/comments?post=8951"}],"version-history":[{"count":0,"href":"https:\/\/elarfero.be\/es\/wp-json\/wp\/v2\/pages\/8951\/revisions"}],"up":[{"embeddable":true,"href":"https:\/\/elarfero.be\/es\/wp-json\/wp\/v2\/pages\/8965"}],"wp:attachment":[{"href":"https:\/\/elarfero.be\/es\/wp-json\/wp\/v2\/media?parent=8951"}],"curies":[{"name":"wp","href":"https:\/\/api.w.org\/{rel}","templated":true}]}}