{"id":8961,"date":"2022-12-21T07:52:08","date_gmt":"2022-12-21T06:52:08","guid":{"rendered":"https:\/\/elarfero.be\/politica-de-privacidad\/"},"modified":"2023-02-09T09:57:35","modified_gmt":"2023-02-09T08:57:35","slug":"politica-de-privacidad","status":"publish","type":"page","link":"https:\/\/elarfero.be\/es\/politica-de-privacidad\/","title":{"rendered":"Pol\u00edtica de privacidad"},"content":{"rendered":"\t\t<div data-elementor-type=\"wp-page\" data-elementor-id=\"8961\" class=\"elementor elementor-8961 elementor-1304\" data-elementor-post-type=\"page\">\n\t\t\t\t\t\t<section class=\"elementor-section elementor-top-section elementor-element elementor-element-253e567 elementor-section-boxed elementor-section-height-default elementor-section-height-default\" data-id=\"253e567\" data-element_type=\"section\" data-settings=\"{&quot;jet_parallax_layout_list&quot;:[]}\">\n\t\t\t\t\t\t<div class=\"elementor-container elementor-column-gap-default\">\n\t\t\t\t\t<div class=\"elementor-column elementor-col-100 elementor-top-column elementor-element elementor-element-84d5254\" data-id=\"84d5254\" data-element_type=\"column\">\n\t\t\t<div class=\"elementor-widget-wrap elementor-element-populated\">\n\t\t\t\t\t\t<div class=\"elementor-element elementor-element-e3a4680 prue elementor-widget elementor-widget-heading\" data-id=\"e3a4680\" data-element_type=\"widget\" data-widget_type=\"heading.default\">\n\t\t\t\t<div class=\"elementor-widget-container\">\n\t\t\t\t\t<h1 class=\"elementor-heading-title elementor-size-default\">Pol\u00edtica de privacidad<\/h1>\t\t\t\t<\/div>\n\t\t\t\t<\/div>\n\t\t\t\t\t<\/div>\n\t\t<\/div>\n\t\t\t\t\t<\/div>\n\t\t<\/section>\n\t\t\t\t<section class=\"elementor-section elementor-top-section elementor-element elementor-element-1050820 elementor-section-full_width elementor-hidden-mobile elementor-section-height-default elementor-section-height-default\" data-id=\"1050820\" data-element_type=\"section\" data-settings=\"{&quot;jet_parallax_layout_list&quot;:[]}\">\n\t\t\t\t\t\t<div class=\"elementor-container elementor-column-gap-default\">\n\t\t\t\t\t<div class=\"elementor-column elementor-col-33 elementor-top-column elementor-element elementor-element-fa1fd44\" data-id=\"fa1fd44\" data-element_type=\"column\">\n\t\t\t<div class=\"elementor-widget-wrap elementor-element-populated\">\n\t\t\t\t\t\t<div class=\"elementor-element elementor-element-f2fbe23 elementor-widget-divider--view-line elementor-widget elementor-widget-divider\" data-id=\"f2fbe23\" data-element_type=\"widget\" data-widget_type=\"divider.default\">\n\t\t\t\t<div class=\"elementor-widget-container\">\n\t\t\t\t\t\t\t<div class=\"elementor-divider\">\n\t\t\t<span class=\"elementor-divider-separator\">\n\t\t\t\t\t\t<\/span>\n\t\t<\/div>\n\t\t\t\t\t\t<\/div>\n\t\t\t\t<\/div>\n\t\t\t\t\t<\/div>\n\t\t<\/div>\n\t\t\t\t<div class=\"elementor-column elementor-col-33 elementor-top-column elementor-element elementor-element-1edb062\" data-id=\"1edb062\" data-element_type=\"column\">\n\t\t\t<div class=\"elementor-widget-wrap elementor-element-populated\">\n\t\t\t\t\t\t<div class=\"elementor-element elementor-element-6eab450 elementor-widget elementor-widget-image\" data-id=\"6eab450\" data-element_type=\"widget\" data-widget_type=\"image.default\">\n\t\t\t\t<div class=\"elementor-widget-container\">\n\t\t\t\t\t\t\t\t\t\t\t\t\t\t\t<img fetchpriority=\"high\" decoding=\"async\" width=\"800\" height=\"320\" src=\"https:\/\/elarfero.be\/wp-content\/uploads\/2022\/12\/El-Arfero-New-Logo.png\" class=\"attachment-large size-large wp-image-8308\" alt=\"Logo El Arfero Real Estate\" srcset=\"https:\/\/elarfero.be\/wp-content\/uploads\/2022\/12\/El-Arfero-New-Logo.png 1004w, https:\/\/elarfero.be\/wp-content\/uploads\/2022\/12\/El-Arfero-New-Logo-300x120.png 300w, https:\/\/elarfero.be\/wp-content\/uploads\/2022\/12\/El-Arfero-New-Logo-768x308.png 768w\" sizes=\"(max-width: 800px) 100vw, 800px\" title=\"\">\t\t\t\t\t\t\t\t\t\t\t\t\t\t\t<\/div>\n\t\t\t\t<\/div>\n\t\t\t\t\t<\/div>\n\t\t<\/div>\n\t\t\t\t<div class=\"elementor-column elementor-col-33 elementor-top-column elementor-element elementor-element-7733720\" data-id=\"7733720\" data-element_type=\"column\" data-settings=\"{&quot;background_background&quot;:&quot;classic&quot;}\">\n\t\t\t<div class=\"elementor-widget-wrap elementor-element-populated\">\n\t\t\t\t\t\t<div class=\"elementor-element elementor-element-99823d0 elementor-widget-divider--view-line elementor-widget elementor-widget-divider\" data-id=\"99823d0\" data-element_type=\"widget\" data-widget_type=\"divider.default\">\n\t\t\t\t<div class=\"elementor-widget-container\">\n\t\t\t\t\t\t\t<div class=\"elementor-divider\">\n\t\t\t<span class=\"elementor-divider-separator\">\n\t\t\t\t\t\t<\/span>\n\t\t<\/div>\n\t\t\t\t\t\t<\/div>\n\t\t\t\t<\/div>\n\t\t\t\t\t<\/div>\n\t\t<\/div>\n\t\t\t\t\t<\/div>\n\t\t<\/section>\n\t\t\t\t<section class=\"elementor-section elementor-top-section elementor-element elementor-element-41a4e03 elementor-section-boxed elementor-section-height-default elementor-section-height-default\" data-id=\"41a4e03\" data-element_type=\"section\" data-settings=\"{&quot;jet_parallax_layout_list&quot;:[]}\">\n\t\t\t\t\t\t<div class=\"elementor-container elementor-column-gap-default\">\n\t\t\t\t\t<div class=\"elementor-column elementor-col-100 elementor-top-column elementor-element elementor-element-46a48bc\" data-id=\"46a48bc\" data-element_type=\"column\">\n\t\t\t<div class=\"elementor-widget-wrap elementor-element-populated\">\n\t\t\t\t\t\t<div class=\"elementor-element elementor-element-e6dfdfd elementor-widget elementor-widget-text-editor\" data-id=\"e6dfdfd\" data-element_type=\"widget\" data-widget_type=\"text-editor.default\">\n\t\t\t\t<div class=\"elementor-widget-container\">\n\t\t\t\t\t\t\t\t\t<h2>Privacy Policy El Arfero Real Estate S.L.<\/h2>\n<p><strong>Pol\u00edtica de privacidad de El Arfero Real Estate S.L.<\/strong><br \/><strong>1) Protecci\u00f3n de la privacidad<\/strong><\/p>\n<p>Salvaguardar la privacidad de los visitantes de https:\/\/elarfero.be es una tarea importante para nosotros. Por ello, en nuestra pol\u00edtica de privacidad describimos qu\u00e9 informaci\u00f3n recogemos y c\u00f3mo la utilizamos.<\/p>\n<p><strong>2) Autorizaci\u00f3n<\/strong><\/p>\n<p>Al utilizar la informaci\u00f3n y los servicios de https:\/\/elarfero.be, usted acepta nuestra pol\u00edtica de privacidad y las condiciones aqu\u00ed recogidas.<\/p>\n<p><strong>3) Preguntas<\/strong><\/p>\n<p>Si desea recibir m\u00e1s informaci\u00f3n o tiene alguna pregunta sobre la pol\u00edtica de privacidad de El Arfero y https:\/\/elarfero.be en concreto, p\u00f3ngase en contacto con nosotros por correo electr\u00f3nico. Nuestra direcci\u00f3n de correo electr\u00f3nico es info@elarfero.be.<\/p>\n<p><strong>4) Control del comportamiento de los visitantes<\/strong><\/p>\n<p>https:\/\/elarfero.be utiliza diversas t\u00e9cnicas para rastrear qui\u00e9n visita el sitio web, c\u00f3mo se comporta este visitante en el sitio web y qu\u00e9 p\u00e1ginas visita. Se trata de una pr\u00e1ctica habitual en los sitios web, ya que proporciona informaci\u00f3n que contribuye a la calidad de la experiencia del usuario. La informaci\u00f3n que registramos a trav\u00e9s de las cookies incluye direcciones IP, tipo de navegador y p\u00e1ginas visitadas.<\/p>\n<p>Tambi\u00e9n rastreamos d\u00f3nde visitan el sitio web por primera vez los visitantes y desde qu\u00e9 p\u00e1gina lo abandonan. Mantenemos esta informaci\u00f3n an\u00f3nima y no est\u00e1 vinculada a ninguna otra informaci\u00f3n personal.<\/p>\n<p><strong>5) Uso de cookies<\/strong><\/p>\n<p>https:\/\/elarfero.be coloca cookies en los visitantes. Lo hacemos para recopilar informaci\u00f3n sobre las p\u00e1ginas que los usuarios visitan en nuestro sitio web, para saber con qu\u00e9 frecuencia vuelven los visitantes y para ver qu\u00e9 p\u00e1ginas funcionan bien en el sitio web. Tambi\u00e9n hacemos un seguimiento de la informaci\u00f3n que comparte el navegador.<\/p>\n<p><strong>6) Deshabilitar las cookies<\/strong><\/p>\n<p>Puede optar por desactivar las cookies. Puede hacerlo a trav\u00e9s de las opciones de su navegador. Encontrar\u00e1 m\u00e1s informaci\u00f3n sobre estas opciones en el sitio web del proveedor de su navegador.<\/p>\n<p><strong>7) Cookies de terceros<\/strong><\/p>\n<p>Es posible que terceros, como Google, se anuncien en nuestro sitio web o que utilicemos otro servicio. Para ello, estos terceros colocan cookies en algunos casos. Estas cookies no pueden ser influenciadas por https:\/\/elarfero.be.<\/p>\n\t\t\t\t\t\t\t\t<\/div>\n\t\t\t\t<\/div>\n\t\t\t\t\t<\/div>\n\t\t<\/div>\n\t\t\t\t\t<\/div>\n\t\t<\/section>\n\t\t\t\t<\/div>\n\t\t","protected":false},"excerpt":{"rendered":"<p>Pol\u00edtica de privacidad Privacy Policy El Arfero Real Estate S.L. Pol\u00edtica de privacidad de El Arfero Real Estate S.L.1) Protecci\u00f3n de la privacidad Salvaguardar la privacidad de los visitantes de https:\/\/elarfero.be es una tarea importante para nosotros. Por ello, en nuestra pol\u00edtica de privacidad describimos qu\u00e9 informaci\u00f3n recogemos y c\u00f3mo la utilizamos. 2) Autorizaci\u00f3n Al [&hellip;]<\/p>\n","protected":false},"author":2,"featured_media":0,"parent":0,"menu_order":0,"comment_status":"closed","ping_status":"closed","template":"elementor_header_footer","meta":{"_acf_changed":false,"footnotes":""},"class_list":["post-8961","page","type-page","status-publish","hentry"],"acf":[],"_links":{"self":[{"href":"https:\/\/elarfero.be\/es\/wp-json\/wp\/v2\/pages\/8961","targetHints":{"allow":["GET"]}}],"collection":[{"href":"https:\/\/elarfero.be\/es\/wp-json\/wp\/v2\/pages"}],"about":[{"href":"https:\/\/elarfero.be\/es\/wp-json\/wp\/v2\/types\/page"}],"author":[{"embeddable":true,"href":"https:\/\/elarfero.be\/es\/wp-json\/wp\/v2\/users\/2"}],"replies":[{"embeddable":true,"href":"https:\/\/elarfero.be\/es\/wp-json\/wp\/v2\/comments?post=8961"}],"version-history":[{"count":0,"href":"https:\/\/elarfero.be\/es\/wp-json\/wp\/v2\/pages\/8961\/revisions"}],"wp:attachment":[{"href":"https:\/\/elarfero.be\/es\/wp-json\/wp\/v2\/media?parent=8961"}],"curies":[{"name":"wp","href":"https:\/\/api.w.org\/{rel}","templated":true}]}}