{"id":8865,"date":"2022-12-29T12:39:07","date_gmt":"2022-12-29T11:39:07","guid":{"rendered":"https:\/\/elarfero.be\/costa-blanca-nord\/"},"modified":"2023-11-16T11:57:20","modified_gmt":"2023-11-16T10:57:20","slug":"costa-blanca-nord","status":"publish","type":"page","link":"https:\/\/elarfero.be\/fr\/regions\/costa-blanca-nord\/","title":{"rendered":"Costa Blanca Nord"},"content":{"rendered":"\t\t<div data-elementor-type=\"wp-page\" data-elementor-id=\"8865\" class=\"elementor elementor-8865 elementor-1970\" data-elementor-post-type=\"page\">\n\t\t\t\t\t\t<section class=\"elementor-section elementor-top-section elementor-element elementor-element-a8dd0ec elementor-section-height-min-height elementor-section-boxed elementor-section-height-default elementor-section-items-middle\" data-id=\"a8dd0ec\" data-element_type=\"section\" data-settings=\"{&quot;jet_parallax_layout_list&quot;:[],&quot;background_background&quot;:&quot;classic&quot;}\">\n\t\t\t\t\t\t\t<div class=\"elementor-background-overlay\"><\/div>\n\t\t\t\t\t\t\t<div class=\"elementor-container elementor-column-gap-default\">\n\t\t\t\t\t<div class=\"elementor-column elementor-col-100 elementor-top-column elementor-element elementor-element-49890fa\" data-id=\"49890fa\" data-element_type=\"column\">\n\t\t\t<div class=\"elementor-widget-wrap\">\n\t\t\t\t\t\t\t<\/div>\n\t\t<\/div>\n\t\t\t\t\t<\/div>\n\t\t<\/section>\n\t\t\t\t<section class=\"elementor-section elementor-top-section elementor-element elementor-element-b02243f elementor-section-boxed elementor-section-height-default elementor-section-height-default\" data-id=\"b02243f\" data-element_type=\"section\" data-settings=\"{&quot;jet_parallax_layout_list&quot;:[]}\">\n\t\t\t\t\t\t<div class=\"elementor-container elementor-column-gap-default\">\n\t\t\t\t\t<div class=\"elementor-column elementor-col-100 elementor-top-column elementor-element elementor-element-170b814\" data-id=\"170b814\" data-element_type=\"column\" data-settings=\"{&quot;background_background&quot;:&quot;classic&quot;}\">\n\t\t\t<div class=\"elementor-widget-wrap elementor-element-populated\">\n\t\t\t\t\t\t<div class=\"elementor-element elementor-element-af89981 prue elementor-widget elementor-widget-heading\" data-id=\"af89981\" data-element_type=\"widget\" data-widget_type=\"heading.default\">\n\t\t\t\t<div class=\"elementor-widget-container\">\n\t\t\t\t\t<h2 class=\"elementor-heading-title elementor-size-default\"> D\u00e9couvrez la belle Espagne<\/h2>\t\t\t\t<\/div>\n\t\t\t\t<\/div>\n\t\t\t\t<div class=\"elementor-element elementor-element-26f7db3 prue elementor-widget elementor-widget-heading\" data-id=\"26f7db3\" data-element_type=\"widget\" data-widget_type=\"heading.default\">\n\t\t\t\t<div class=\"elementor-widget-container\">\n\t\t\t\t\t<h1 class=\"elementor-heading-title elementor-size-default\">Costa Blanca Nord<\/h1>\t\t\t\t<\/div>\n\t\t\t\t<\/div>\n\t\t\t\t<div class=\"elementor-element elementor-element-570e9fe elementor-widget__width-auto elementor-widget elementor-widget-shortcode\" data-id=\"570e9fe\" data-element_type=\"widget\" data-widget_type=\"shortcode.default\">\n\t\t\t\t<div class=\"elementor-widget-container\">\n\t\t\t\t\t\t\t<div class=\"elementor-shortcode\"><nav aria-label=\"breadcrumbs\" class=\"rank-math-breadcrumb\"><p><span class=\"last\">Home<\/span><\/p><\/nav><\/div>\n\t\t\t\t\t\t<\/div>\n\t\t\t\t<\/div>\n\t\t\t\t\t<\/div>\n\t\t<\/div>\n\t\t\t\t\t<\/div>\n\t\t<\/section>\n\t\t\t\t<section class=\"elementor-section elementor-top-section elementor-element elementor-element-7fd2eaa elementor-section-boxed elementor-section-height-default elementor-section-height-default\" data-id=\"7fd2eaa\" data-element_type=\"section\" data-settings=\"{&quot;jet_parallax_layout_list&quot;:[],&quot;background_background&quot;:&quot;classic&quot;}\">\n\t\t\t\t\t\t<div class=\"elementor-container elementor-column-gap-wider\">\n\t\t\t\t\t<div class=\"elementor-column elementor-col-50 elementor-top-column elementor-element elementor-element-1d53fad\" data-id=\"1d53fad\" data-element_type=\"column\">\n\t\t\t<div class=\"elementor-widget-wrap elementor-element-populated\">\n\t\t\t\t\t\t<div class=\"elementor-element elementor-element-f5281f2 elementor-widget elementor-widget-text-editor\" data-id=\"f5281f2\" data-element_type=\"widget\" data-widget_type=\"text-editor.default\">\n\t\t\t\t<div class=\"elementor-widget-container\">\n\t\t\t\t\t\t\t\t\t<p><span style=\"font-weight: 400;\">De Denia \u00e0 Alicante, il est possible de profiter d&#8217;un paysage pittoresque de montagnes et de vall\u00e9es surplombant un littoral \u00e0 couper le souffle. <\/span><\/p>\n<p><span style=\"font-weight: 400;\">Le nord de la Costa Blanca est une r\u00e9gion d&#8217;Espagne tr\u00e8s appr\u00e9ci\u00e9e pour son climat exceptionnel, ses baies fantastiques et ses montagnes. Le nord de la Costa Blanca est \u00e9galement consid\u00e9r\u00e9 comme l&#8217;un des endroits les plus sains du monde pour vivre, selon l&#8217;Organisation mondiale de la sant\u00e9. C&#8217;est l&#8217;une des raisons pour lesquelles elle attire tant les propri\u00e9taires de r\u00e9sidences secondaires de toute l&#8217;Europe. Les Britanniques, les N\u00e9erlandais et les Allemands entretiennent depuis longtemps une relation amoureuse avec la r\u00e9gion qui s&#8217;\u00e9tend de Denia au nord \u00e0 Alicante au sud. <\/span><\/p>\n<p><span style=\"font-weight: 400;\">Ces derni\u00e8res ann\u00e9es, de plus en plus de nationalit\u00e9s apprennent \u00e0 conna\u00eetre la r\u00e9gion. C&#8217;est aussi une grande destination qui compte de nombreux villages de p\u00eacheurs traditionnels enchanteurs et des r\u00e9serves naturelles. Une r\u00e9gion unique et pleine de caract\u00e8re avec de magnifiques paysages d&#8217;orangers et d&#8217;amandiers, de belles plages et d&#8217;impressionnantes falaises. <\/span><\/p>\n<p><span style=\"font-weight: 400;\">Des endroits charmants comme Benidorm, Finestrat, Calpe, Altea, Denia et bien d&#8217;autres, offrent une combinaison parfaite de mer et de montagne, id\u00e9ale pour des vacances agr\u00e9ables. La partie situ\u00e9e juste au-dessus d&#8217;Alicante, Benidorm en t\u00eate, offre de nombreuses activit\u00e9s de loisirs, de sports et de sports nautiques, une gamme de communaut\u00e9s et de clubs \u00e0 rejoindre, une vari\u00e9t\u00e9 de march\u00e9s traditionnels et aussi une vie nocturne anim\u00e9e. Quelques villes (baln\u00e9aires) connues de la Costa Blanca Nord sont : Benidorm, Altea, Calpe et El Campello.<\/span><\/p>\n<p><strong>EL ARFERO poss\u00e8de un vaste portefeuille de propri\u00e9t\u00e9s sur la Costa Blanca Nord.<\/strong><\/p>\n\t\t\t\t\t\t\t\t<\/div>\n\t\t\t\t<\/div>\n\t\t\t\t\t<\/div>\n\t\t<\/div>\n\t\t\t\t<div class=\"elementor-column elementor-col-50 elementor-top-column elementor-element elementor-element-f3c6f43\" data-id=\"f3c6f43\" data-element_type=\"column\">\n\t\t\t<div class=\"elementor-widget-wrap elementor-element-populated\">\n\t\t\t\t\t\t<div class=\"elementor-element elementor-element-f0a9b9e elementor-widget elementor-widget-image\" data-id=\"f0a9b9e\" data-element_type=\"widget\" data-widget_type=\"image.default\">\n\t\t\t\t<div class=\"elementor-widget-container\">\n\t\t\t\t\t\t\t\t\t\t\t\t\t\t\t<img fetchpriority=\"high\" decoding=\"async\" width=\"1920\" height=\"2560\" src=\"https:\/\/elarfero.be\/wp-content\/uploads\/2023\/01\/pexels-stefanie-baeskau-10750986-scaled.jpg\" class=\"attachment-full size-full wp-image-8439\" alt=\"\" srcset=\"https:\/\/elarfero.be\/wp-content\/uploads\/2023\/01\/pexels-stefanie-baeskau-10750986-scaled.jpg 1920w, https:\/\/elarfero.be\/wp-content\/uploads\/2023\/01\/pexels-stefanie-baeskau-10750986-225x300.jpg 225w, https:\/\/elarfero.be\/wp-content\/uploads\/2023\/01\/pexels-stefanie-baeskau-10750986-768x1024.jpg 768w, https:\/\/elarfero.be\/wp-content\/uploads\/2023\/01\/pexels-stefanie-baeskau-10750986-1152x1536.jpg 1152w, https:\/\/elarfero.be\/wp-content\/uploads\/2023\/01\/pexels-stefanie-baeskau-10750986-1536x2048.jpg 1536w\" sizes=\"(max-width: 1920px) 100vw, 1920px\" title=\"\">\t\t\t\t\t\t\t\t\t\t\t\t\t\t\t<\/div>\n\t\t\t\t<\/div>\n\t\t\t\t\t<\/div>\n\t\t<\/div>\n\t\t\t\t\t<\/div>\n\t\t<\/section>\n\t\t\t\t<section class=\"elementor-section elementor-top-section elementor-element elementor-element-1e4b5cd elementor-section-boxed elementor-section-height-default elementor-section-height-default\" data-id=\"1e4b5cd\" data-element_type=\"section\" data-settings=\"{&quot;jet_parallax_layout_list&quot;:[],&quot;background_background&quot;:&quot;classic&quot;}\">\n\t\t\t\t\t\t<div class=\"elementor-container elementor-column-gap-default\">\n\t\t\t\t\t<div class=\"elementor-column elementor-col-100 elementor-top-column elementor-element elementor-element-ac42f86\" data-id=\"ac42f86\" data-element_type=\"column\">\n\t\t\t<div class=\"elementor-widget-wrap\">\n\t\t\t\t\t\t\t<\/div>\n\t\t<\/div>\n\t\t\t\t\t<\/div>\n\t\t<\/section>\n\t\t\t\t<\/div>\n\t\t","protected":false},"excerpt":{"rendered":"<p>D\u00e9couvrez la belle Espagne Costa Blanca Nord De Denia \u00e0 Alicante, il est possible de profiter d&#8217;un paysage pittoresque de montagnes et de vall\u00e9es surplombant un littoral \u00e0 couper le souffle. Le nord de la Costa Blanca est une r\u00e9gion d&#8217;Espagne tr\u00e8s appr\u00e9ci\u00e9e pour son climat exceptionnel, ses baies fantastiques et ses montagnes. Le nord [&hellip;]<\/p>\n","protected":false},"author":2,"featured_media":0,"parent":8883,"menu_order":0,"comment_status":"closed","ping_status":"closed","template":"elementor_header_footer","meta":{"_acf_changed":false,"footnotes":""},"class_list":["post-8865","page","type-page","status-publish","hentry"],"acf":[],"_links":{"self":[{"href":"https:\/\/elarfero.be\/fr\/wp-json\/wp\/v2\/pages\/8865","targetHints":{"allow":["GET"]}}],"collection":[{"href":"https:\/\/elarfero.be\/fr\/wp-json\/wp\/v2\/pages"}],"about":[{"href":"https:\/\/elarfero.be\/fr\/wp-json\/wp\/v2\/types\/page"}],"author":[{"embeddable":true,"href":"https:\/\/elarfero.be\/fr\/wp-json\/wp\/v2\/users\/2"}],"replies":[{"embeddable":true,"href":"https:\/\/elarfero.be\/fr\/wp-json\/wp\/v2\/comments?post=8865"}],"version-history":[{"count":0,"href":"https:\/\/elarfero.be\/fr\/wp-json\/wp\/v2\/pages\/8865\/revisions"}],"up":[{"embeddable":true,"href":"https:\/\/elarfero.be\/fr\/wp-json\/wp\/v2\/pages\/8883"}],"wp:attachment":[{"href":"https:\/\/elarfero.be\/fr\/wp-json\/wp\/v2\/media?parent=8865"}],"curies":[{"name":"wp","href":"https:\/\/api.w.org\/{rel}","templated":true}]}}