{"id":8879,"date":"2022-12-21T07:52:08","date_gmt":"2022-12-21T06:52:08","guid":{"rendered":"https:\/\/elarfero.be\/politique-de-confidentialite\/"},"modified":"2023-02-09T09:57:09","modified_gmt":"2023-02-09T08:57:09","slug":"politique-de-confidentialite","status":"publish","type":"page","link":"https:\/\/elarfero.be\/fr\/politique-de-confidentialite\/","title":{"rendered":"Politique de confidentialit\u00e9"},"content":{"rendered":"\t\t<div data-elementor-type=\"wp-page\" data-elementor-id=\"8879\" class=\"elementor elementor-8879 elementor-1304\" data-elementor-post-type=\"page\">\n\t\t\t\t\t\t<section class=\"elementor-section elementor-top-section elementor-element elementor-element-253e567 elementor-section-boxed elementor-section-height-default elementor-section-height-default\" data-id=\"253e567\" data-element_type=\"section\" data-settings=\"{&quot;jet_parallax_layout_list&quot;:[]}\">\n\t\t\t\t\t\t<div class=\"elementor-container elementor-column-gap-default\">\n\t\t\t\t\t<div class=\"elementor-column elementor-col-100 elementor-top-column elementor-element elementor-element-84d5254\" data-id=\"84d5254\" data-element_type=\"column\">\n\t\t\t<div class=\"elementor-widget-wrap elementor-element-populated\">\n\t\t\t\t\t\t<div class=\"elementor-element elementor-element-e3a4680 prue elementor-widget elementor-widget-heading\" data-id=\"e3a4680\" data-element_type=\"widget\" data-widget_type=\"heading.default\">\n\t\t\t\t<div class=\"elementor-widget-container\">\n\t\t\t\t\t<h1 class=\"elementor-heading-title elementor-size-default\">Politique de confidentialit\u00e9<\/h1>\t\t\t\t<\/div>\n\t\t\t\t<\/div>\n\t\t\t\t\t<\/div>\n\t\t<\/div>\n\t\t\t\t\t<\/div>\n\t\t<\/section>\n\t\t\t\t<section class=\"elementor-section elementor-top-section elementor-element elementor-element-1050820 elementor-section-full_width elementor-hidden-mobile elementor-section-height-default elementor-section-height-default\" data-id=\"1050820\" data-element_type=\"section\" data-settings=\"{&quot;jet_parallax_layout_list&quot;:[]}\">\n\t\t\t\t\t\t<div class=\"elementor-container elementor-column-gap-default\">\n\t\t\t\t\t<div class=\"elementor-column elementor-col-33 elementor-top-column elementor-element elementor-element-fa1fd44\" data-id=\"fa1fd44\" data-element_type=\"column\">\n\t\t\t<div class=\"elementor-widget-wrap elementor-element-populated\">\n\t\t\t\t\t\t<div class=\"elementor-element elementor-element-f2fbe23 elementor-widget-divider--view-line elementor-widget elementor-widget-divider\" data-id=\"f2fbe23\" data-element_type=\"widget\" data-widget_type=\"divider.default\">\n\t\t\t\t<div class=\"elementor-widget-container\">\n\t\t\t\t\t\t\t<div class=\"elementor-divider\">\n\t\t\t<span class=\"elementor-divider-separator\">\n\t\t\t\t\t\t<\/span>\n\t\t<\/div>\n\t\t\t\t\t\t<\/div>\n\t\t\t\t<\/div>\n\t\t\t\t\t<\/div>\n\t\t<\/div>\n\t\t\t\t<div class=\"elementor-column elementor-col-33 elementor-top-column elementor-element elementor-element-1edb062\" data-id=\"1edb062\" data-element_type=\"column\">\n\t\t\t<div class=\"elementor-widget-wrap elementor-element-populated\">\n\t\t\t\t\t\t<div class=\"elementor-element elementor-element-6eab450 elementor-widget elementor-widget-image\" data-id=\"6eab450\" data-element_type=\"widget\" data-widget_type=\"image.default\">\n\t\t\t\t<div class=\"elementor-widget-container\">\n\t\t\t\t\t\t\t\t\t\t\t\t\t\t\t<img fetchpriority=\"high\" decoding=\"async\" width=\"800\" height=\"320\" src=\"https:\/\/elarfero.be\/wp-content\/uploads\/2022\/12\/El-Arfero-New-Logo.png\" class=\"attachment-large size-large wp-image-8307\" alt=\"Logo El Arfero Real Estate\" srcset=\"https:\/\/elarfero.be\/wp-content\/uploads\/2022\/12\/El-Arfero-New-Logo.png 1004w, https:\/\/elarfero.be\/wp-content\/uploads\/2022\/12\/El-Arfero-New-Logo-300x120.png 300w, https:\/\/elarfero.be\/wp-content\/uploads\/2022\/12\/El-Arfero-New-Logo-768x308.png 768w\" sizes=\"(max-width: 800px) 100vw, 800px\" title=\"\">\t\t\t\t\t\t\t\t\t\t\t\t\t\t\t<\/div>\n\t\t\t\t<\/div>\n\t\t\t\t\t<\/div>\n\t\t<\/div>\n\t\t\t\t<div class=\"elementor-column elementor-col-33 elementor-top-column elementor-element elementor-element-7733720\" data-id=\"7733720\" data-element_type=\"column\" data-settings=\"{&quot;background_background&quot;:&quot;classic&quot;}\">\n\t\t\t<div class=\"elementor-widget-wrap elementor-element-populated\">\n\t\t\t\t\t\t<div class=\"elementor-element elementor-element-99823d0 elementor-widget-divider--view-line elementor-widget elementor-widget-divider\" data-id=\"99823d0\" data-element_type=\"widget\" data-widget_type=\"divider.default\">\n\t\t\t\t<div class=\"elementor-widget-container\">\n\t\t\t\t\t\t\t<div class=\"elementor-divider\">\n\t\t\t<span class=\"elementor-divider-separator\">\n\t\t\t\t\t\t<\/span>\n\t\t<\/div>\n\t\t\t\t\t\t<\/div>\n\t\t\t\t<\/div>\n\t\t\t\t\t<\/div>\n\t\t<\/div>\n\t\t\t\t\t<\/div>\n\t\t<\/section>\n\t\t\t\t<section class=\"elementor-section elementor-top-section elementor-element elementor-element-41a4e03 elementor-section-boxed elementor-section-height-default elementor-section-height-default\" data-id=\"41a4e03\" data-element_type=\"section\" data-settings=\"{&quot;jet_parallax_layout_list&quot;:[]}\">\n\t\t\t\t\t\t<div class=\"elementor-container elementor-column-gap-default\">\n\t\t\t\t\t<div class=\"elementor-column elementor-col-100 elementor-top-column elementor-element elementor-element-46a48bc\" data-id=\"46a48bc\" data-element_type=\"column\">\n\t\t\t<div class=\"elementor-widget-wrap elementor-element-populated\">\n\t\t\t\t\t\t<div class=\"elementor-element elementor-element-e6dfdfd elementor-widget elementor-widget-text-editor\" data-id=\"e6dfdfd\" data-element_type=\"widget\" data-widget_type=\"text-editor.default\">\n\t\t\t\t<div class=\"elementor-widget-container\">\n\t\t\t\t\t\t\t\t\t<h2>Privacy Policy El Arfero Real Estate S.L.<\/h2>\n<p><strong>Politique de confidentialit\u00e9 de El Arfero Real Estate S.L.<\/strong><br \/><strong>1) Mesures de protection de la vie priv\u00e9e<\/strong><\/p>\n<p>La protection de la vie priv\u00e9e des visiteurs du site https:\/\/elarfero.be est une t\u00e2che importante pour nous. C&#8217;est pourquoi, dans notre politique de confidentialit\u00e9, nous d\u00e9crivons les informations que nous recueillons et comment nous les utilisons.<\/p>\n<p><strong>2) Consentement<\/strong><\/p>\n<p>En utilisant les informations et les services du site https:\/\/elarfero.be, vous acceptez notre politique de confidentialit\u00e9 et les conditions g\u00e9n\u00e9rales qu&#8217;elle contient.<\/p>\n<p><strong>3) Questions<\/strong><\/p>\n<p>Si vous souhaitez recevoir de plus amples informations, ou si vous avez des questions concernant la politique de confidentialit\u00e9 d&#8217;El Arfero et plus particuli\u00e8rement de https:\/\/elarfero.be, veuillez nous contacter par e-mail. Notre adresse \u00e9lectronique est info@elarfero.be.<\/p>\n<p><strong>4) Suivi du comportement des visiteurs<\/strong><\/p>\n<p>https:\/\/elarfero.be utilise diverses techniques pour savoir qui visite le site web, comment ce visiteur se comporte sur le site et quelles pages sont visit\u00e9es. Il s&#8217;agit d&#8217;une pratique courante pour les sites web car elle fournit des informations qui contribuent \u00e0 la qualit\u00e9 de l&#8217;exp\u00e9rience de l&#8217;utilisateur. Les informations que nous enregistrons gr\u00e2ce aux cookies comprennent les adresses IP, le type de navigateur et les pages visit\u00e9es.<\/p>\n<p>Nous suivons \u00e9galement l&#8217;endroit o\u00f9 les visiteurs se rendent pour la premi\u00e8re fois sur le site web et la page qu&#8217;ils quittent. Ces informations restent anonymes et ne sont pas li\u00e9es \u00e0 d&#8217;autres informations personnelles.<\/p>\n<p><strong>5) Utilisation des cookies<\/strong><\/p>\n<p>https:\/\/elarfero.be place des cookies aupr\u00e8s des visiteurs. Nous le faisons pour recueillir des informations sur les pages que les utilisateurs visitent sur notre site web, pour savoir combien de fois les visiteurs reviennent et pour voir quelles sont les pages qui marchent bien sur le site. Nous gardons \u00e9galement la trace des informations que le navigateur partage.<\/p>\n<p><strong>6) D\u00e9sactiver les cookies<\/strong><\/p>\n<p>Vous pouvez choisir de d\u00e9sactiver les cookies. Vous pouvez le faire par le biais des options de votre navigateur. Vous trouverez de plus amples informations sur ces options sur le site web du fournisseur de votre navigateur.<\/p>\n<p><strong>7) Cookies de tiers<\/strong><\/p>\n<p>Des tiers, tels que Google, peuvent faire de la publicit\u00e9 sur notre site web ou nous pouvons utiliser un autre service. Pour ce faire, ces tiers placent des cookies dans certains cas. Ces cookies ne peuvent pas \u00eatre influenc\u00e9s par https:\/\/elarfero.be.<\/p>\n\t\t\t\t\t\t\t\t<\/div>\n\t\t\t\t<\/div>\n\t\t\t\t\t<\/div>\n\t\t<\/div>\n\t\t\t\t\t<\/div>\n\t\t<\/section>\n\t\t\t\t<\/div>\n\t\t","protected":false},"excerpt":{"rendered":"<p>Politique de confidentialit\u00e9 Privacy Policy El Arfero Real Estate S.L. Politique de confidentialit\u00e9 de El Arfero Real Estate S.L.1) Mesures de protection de la vie priv\u00e9e La protection de la vie priv\u00e9e des visiteurs du site https:\/\/elarfero.be est une t\u00e2che importante pour nous. C&#8217;est pourquoi, dans notre politique de confidentialit\u00e9, nous d\u00e9crivons les informations que [&hellip;]<\/p>\n","protected":false},"author":2,"featured_media":0,"parent":0,"menu_order":0,"comment_status":"closed","ping_status":"closed","template":"elementor_header_footer","meta":{"_acf_changed":false,"footnotes":""},"class_list":["post-8879","page","type-page","status-publish","hentry"],"acf":[],"_links":{"self":[{"href":"https:\/\/elarfero.be\/fr\/wp-json\/wp\/v2\/pages\/8879","targetHints":{"allow":["GET"]}}],"collection":[{"href":"https:\/\/elarfero.be\/fr\/wp-json\/wp\/v2\/pages"}],"about":[{"href":"https:\/\/elarfero.be\/fr\/wp-json\/wp\/v2\/types\/page"}],"author":[{"embeddable":true,"href":"https:\/\/elarfero.be\/fr\/wp-json\/wp\/v2\/users\/2"}],"replies":[{"embeddable":true,"href":"https:\/\/elarfero.be\/fr\/wp-json\/wp\/v2\/comments?post=8879"}],"version-history":[{"count":0,"href":"https:\/\/elarfero.be\/fr\/wp-json\/wp\/v2\/pages\/8879\/revisions"}],"wp:attachment":[{"href":"https:\/\/elarfero.be\/fr\/wp-json\/wp\/v2\/media?parent=8879"}],"curies":[{"name":"wp","href":"https:\/\/api.w.org\/{rel}","templated":true}]}}